{"id":146,"date":"2025-01-20T13:11:29","date_gmt":"2025-01-20T16:11:29","guid":{"rendered":"https:\/\/pdbit.com.br\/?page_id=146"},"modified":"2025-01-29T14:30:00","modified_gmt":"2025-01-29T17:30:00","slug":"about","status":"publish","type":"page","link":"https:\/\/pdbit.com.br\/?page_id=146","title":{"rendered":"seguran\u00e7a_Design de sistemas integrados"},"content":{"rendered":"\t\t<div data-elementor-type=\"wp-page\" data-elementor-id=\"146\" class=\"elementor elementor-146\">\n\t\t\t\t\t\t<section class=\"elementor-section elementor-top-section elementor-element elementor-element-201a4f82 elementor-section-boxed elementor-section-height-default elementor-section-height-default\" data-id=\"201a4f82\" data-element_type=\"section\" data-settings=\"{&quot;background_background&quot;:&quot;gradient&quot;}\">\n\t\t\t\t\t\t<div class=\"elementor-container elementor-column-gap-no\">\n\t\t\t\t\t<div class=\"elementor-column elementor-col-100 elementor-top-column elementor-element elementor-element-49484ab2\" data-id=\"49484ab2\" data-element_type=\"column\">\n\t\t\t<div class=\"elementor-widget-wrap elementor-element-populated\">\n\t\t\t\t\t\t<div class=\"elementor-element elementor-element-64e9fee9 elementor-widget elementor-widget-heading\" data-id=\"64e9fee9\" data-element_type=\"widget\" data-widget_type=\"heading.default\">\n\t\t\t\t<div class=\"elementor-widget-container\">\n\t\t\t\t\t<p class=\"elementor-heading-title elementor-size-default\">lider-Design de sistemas integrados<\/p>\t\t\t\t<\/div>\n\t\t\t\t<\/div>\n\t\t\t\t<div class=\"elementor-element elementor-element-6e64a829 elementor-icon-list--layout-inline elementor-align-center elementor-list-item-link-full_width elementor-widget elementor-widget-icon-list\" data-id=\"6e64a829\" data-element_type=\"widget\" data-widget_type=\"icon-list.default\">\n\t\t\t\t<div class=\"elementor-widget-container\">\n\t\t\t\t\t\t\t<ul class=\"elementor-icon-list-items elementor-inline-items\">\n\t\t\t\t\t\t\t<li class=\"elementor-icon-list-item elementor-inline-item\">\n\t\t\t\t\t\t\t\t\t\t\t<a href=\"#\">\n\n\t\t\t\t\t\t\t\t\t\t\t<span class=\"elementor-icon-list-text\">Home<\/span>\n\t\t\t\t\t\t\t\t\t\t\t<\/a>\n\t\t\t\t\t\t\t\t\t<\/li>\n\t\t\t\t\t\t\t\t<li class=\"elementor-icon-list-item elementor-inline-item\">\n\t\t\t\t\t\t\t\t\t\t\t<span class=\"elementor-icon-list-icon\">\n\t\t\t\t\t\t\t<svg aria-hidden=\"true\" class=\"e-font-icon-svg e-fas-minus\" viewBox=\"0 0 448 512\" xmlns=\"http:\/\/www.w3.org\/2000\/svg\"><path d=\"M416 208H32c-17.67 0-32 14.33-32 32v32c0 17.67 14.33 32 32 32h384c17.67 0 32-14.33 32-32v-32c0-17.67-14.33-32-32-32z\"><\/path><\/svg>\t\t\t\t\t\t<\/span>\n\t\t\t\t\t\t\t\t\t\t<span class=\"elementor-icon-list-text\">Design de sistemas integrados <\/span>\n\t\t\t\t\t\t\t\t\t<\/li>\n\t\t\t\t\t\t<\/ul>\n\t\t\t\t\t\t<\/div>\n\t\t\t\t<\/div>\n\t\t\t\t<div class=\"elementor-element elementor-element-5f0a8909 elementor-widget__width-initial elementor-absolute elementor-widget elementor-widget-image\" data-id=\"5f0a8909\" data-element_type=\"widget\" data-settings=\"{&quot;_position&quot;:&quot;absolute&quot;}\" data-widget_type=\"image.default\">\n\t\t\t\t<div class=\"elementor-widget-container\">\n\t\t\t\t\t\t\t\t\t\t\t\t\t\t\t<img decoding=\"async\" width=\"39\" height=\"39\" src=\"https:\/\/pdbit.com.br\/wp-content\/uploads\/2025\/01\/54f4de58-object-22-a.png\" class=\"attachment-full size-full wp-image-129\" alt=\"\" \/>\t\t\t\t\t\t\t\t\t\t\t\t\t\t\t<\/div>\n\t\t\t\t<\/div>\n\t\t\t\t<div class=\"elementor-element elementor-element-7aaad026 elementor-widget__width-initial elementor-absolute elementor-widget elementor-widget-image\" data-id=\"7aaad026\" data-element_type=\"widget\" data-settings=\"{&quot;_position&quot;:&quot;absolute&quot;}\" data-widget_type=\"image.default\">\n\t\t\t\t<div class=\"elementor-widget-container\">\n\t\t\t\t\t\t\t\t\t\t\t\t\t\t\t<img decoding=\"async\" width=\"31\" height=\"31\" src=\"https:\/\/pdbit.com.br\/wp-content\/uploads\/2025\/01\/49220ab9-object-21-a.png\" class=\"attachment-full size-full wp-image-225\" alt=\"\" \/>\t\t\t\t\t\t\t\t\t\t\t\t\t\t\t<\/div>\n\t\t\t\t<\/div>\n\t\t\t\t<div class=\"elementor-element elementor-element-300c0bc9 elementor-widget__width-initial elementor-absolute elementor-widget elementor-widget-image\" data-id=\"300c0bc9\" data-element_type=\"widget\" data-settings=\"{&quot;_position&quot;:&quot;absolute&quot;}\" data-widget_type=\"image.default\">\n\t\t\t\t<div class=\"elementor-widget-container\">\n\t\t\t\t\t\t\t\t\t\t\t\t\t\t\t<img decoding=\"async\" width=\"39\" height=\"39\" src=\"https:\/\/pdbit.com.br\/wp-content\/uploads\/2025\/01\/4fd38dc7-object-20-a.png\" class=\"attachment-full size-full wp-image-131\" alt=\"\" \/>\t\t\t\t\t\t\t\t\t\t\t\t\t\t\t<\/div>\n\t\t\t\t<\/div>\n\t\t\t\t\t<\/div>\n\t\t<\/div>\n\t\t\t\t\t<\/div>\n\t\t<\/section>\n\t\t<div class=\"elementor-element elementor-element-f59d01b e-flex e-con-boxed e-con e-parent\" data-id=\"f59d01b\" data-element_type=\"container\">\n\t\t\t\t\t<div class=\"e-con-inner\">\n\t\t\t\t<div class=\"elementor-element elementor-element-d8d5ef0 elementor-widget elementor-widget-image\" data-id=\"d8d5ef0\" data-element_type=\"widget\" data-widget_type=\"image.default\">\n\t\t\t\t<div class=\"elementor-widget-container\">\n\t\t\t\t\t\t\t\t\t\t\t\t\t\t\t<img loading=\"lazy\" decoding=\"async\" width=\"499\" height=\"125\" src=\"https:\/\/pdbit.com.br\/wp-content\/uploads\/2025\/01\/LogoLider1-e1738170085912.png\" class=\"attachment-1536x1536 size-1536x1536 wp-image-740\" alt=\"\" srcset=\"https:\/\/pdbit.com.br\/wp-content\/uploads\/2025\/01\/LogoLider1-e1738170085912.png 499w, https:\/\/pdbit.com.br\/wp-content\/uploads\/2025\/01\/LogoLider1-e1738170085912-300x75.png 300w\" sizes=\"(max-width: 499px) 100vw, 499px\" \/>\t\t\t\t\t\t\t\t\t\t\t\t\t\t\t<\/div>\n\t\t\t\t<\/div>\n\t\t\t\t\t<\/div>\n\t\t\t\t<\/div>\n\t\t\t\t<section class=\"elementor-section elementor-top-section elementor-element elementor-element-671dac47 elementor-section-content-middle elementor-section-boxed elementor-section-height-default elementor-section-height-default\" data-id=\"671dac47\" data-element_type=\"section\">\n\t\t\t\t\t\t<div class=\"elementor-container elementor-column-gap-no\">\n\t\t\t\t\t<div class=\"elementor-column elementor-col-50 elementor-top-column elementor-element elementor-element-51b2c0c1\" data-id=\"51b2c0c1\" data-element_type=\"column\">\n\t\t\t<div class=\"elementor-widget-wrap elementor-element-populated\">\n\t\t\t\t\t\t<div class=\"elementor-element elementor-element-7976cd45 elementor-invisible elementor-widget elementor-widget-image\" data-id=\"7976cd45\" data-element_type=\"widget\" data-settings=\"{&quot;_animation&quot;:&quot;zoomIn&quot;}\" data-widget_type=\"image.default\">\n\t\t\t\t<div class=\"elementor-widget-container\">\n\t\t\t\t\t\t\t\t\t\t\t\t\t\t\t<img loading=\"lazy\" decoding=\"async\" width=\"900\" height=\"500\" src=\"https:\/\/pdbit.com.br\/wp-content\/uploads\/2025\/01\/criativa.png\" class=\"attachment-full size-full wp-image-750\" alt=\"\" srcset=\"https:\/\/pdbit.com.br\/wp-content\/uploads\/2025\/01\/criativa.png 900w, https:\/\/pdbit.com.br\/wp-content\/uploads\/2025\/01\/criativa-300x167.png 300w, https:\/\/pdbit.com.br\/wp-content\/uploads\/2025\/01\/criativa-768x427.png 768w\" sizes=\"(max-width: 900px) 100vw, 900px\" \/>\t\t\t\t\t\t\t\t\t\t\t\t\t\t\t<\/div>\n\t\t\t\t<\/div>\n\t\t\t\t\t<\/div>\n\t\t<\/div>\n\t\t\t\t<div class=\"elementor-column elementor-col-50 elementor-top-column elementor-element elementor-element-4e2b1d96\" data-id=\"4e2b1d96\" data-element_type=\"column\">\n\t\t\t<div class=\"elementor-widget-wrap elementor-element-populated\">\n\t\t\t\t\t\t<div class=\"elementor-element elementor-element-10aebc00 elementor-widget__width-initial elementor-widget elementor-widget-heading\" data-id=\"10aebc00\" data-element_type=\"widget\" data-widget_type=\"heading.default\">\n\t\t\t\t<div class=\"elementor-widget-container\">\n\t\t\t\t\t<p class=\"elementor-heading-title elementor-size-default\">SOLU\u00c7\u00d5ES CRIATIVAS<\/p>\t\t\t\t<\/div>\n\t\t\t\t<\/div>\n\t\t\t\t<div class=\"elementor-element elementor-element-274e7bc2 elementor-invisible elementor-widget elementor-widget-text-editor\" data-id=\"274e7bc2\" data-element_type=\"widget\" data-settings=\"{&quot;_animation&quot;:&quot;fadeInRight&quot;}\" data-widget_type=\"text-editor.default\">\n\t\t\t\t<div class=\"elementor-widget-container\">\n\t\t\t\t\t\t\t\t\t<p><span style=\"color: #4d4d4d; font-family: 'Open Sans', sans-serif;\">O mundo est\u00e1 cada vez mais complexo e demandante de solu\u00e7\u00f5es criativas. Permita que nossos especialistas se superem.\u00a0<\/span><\/p><p><span style=\"color: #4d4d4d; font-family: 'Open Sans', sans-serif;\">Permitamos apresentar-lhes solu\u00e7\u00f5es de seguran\u00e7a eletr\u00f4nica que extrapolem a Seguran\u00e7a Corporativa, fazendo com que os nossos sistemas se integrem ao processo produtivo, gerando mais seguran\u00e7a, reduzindo custos e gerando mais efici\u00eancia.<\/span><\/p>\t\t\t\t\t\t\t\t<\/div>\n\t\t\t\t<\/div>\n\t\t\t\t\t<\/div>\n\t\t<\/div>\n\t\t\t\t\t<\/div>\n\t\t<\/section>\n\t\t\t\t<section class=\"elementor-section elementor-top-section elementor-element elementor-element-5b1bea7 elementor-section-content-middle elementor-section-boxed elementor-section-height-default elementor-section-height-default\" data-id=\"5b1bea7\" data-element_type=\"section\">\n\t\t\t\t\t\t<div class=\"elementor-container elementor-column-gap-no\">\n\t\t\t\t\t<div class=\"elementor-column elementor-col-50 elementor-top-column elementor-element elementor-element-91fad42\" data-id=\"91fad42\" data-element_type=\"column\">\n\t\t\t<div class=\"elementor-widget-wrap elementor-element-populated\">\n\t\t\t\t\t\t<div class=\"elementor-element elementor-element-726fd3a elementor-widget__width-initial elementor-widget elementor-widget-heading\" data-id=\"726fd3a\" data-element_type=\"widget\" data-widget_type=\"heading.default\">\n\t\t\t\t<div class=\"elementor-widget-container\">\n\t\t\t\t\t<p class=\"elementor-heading-title elementor-size-default\">PESQUISA E DESENVOLVIMENTO<\/p>\t\t\t\t<\/div>\n\t\t\t\t<\/div>\n\t\t\t\t<div class=\"elementor-element elementor-element-30bb21a elementor-invisible elementor-widget elementor-widget-text-editor\" data-id=\"30bb21a\" data-element_type=\"widget\" data-settings=\"{&quot;_animation&quot;:&quot;fadeInRight&quot;}\" data-widget_type=\"text-editor.default\">\n\t\t\t\t<div class=\"elementor-widget-container\">\n\t\t\t\t\t\t\t\t\t<p>Nossa mente est\u00e1 voltada para proporcionar valor agregado.<\/p><p>\u00a0Nascemos pensando em Seguran\u00e7a Corporativa, pensando em processos e como melhora-los dia-a-dia, tornando a vida de nossos clientes cada vez mais f\u00e1cil e segura.<\/p><p>\u00a0Associamos processos \u00e0 tecnologia.<\/p>\t\t\t\t\t\t\t\t<\/div>\n\t\t\t\t<\/div>\n\t\t\t\t\t<\/div>\n\t\t<\/div>\n\t\t\t\t<div class=\"elementor-column elementor-col-50 elementor-top-column elementor-element elementor-element-95dbbe6\" data-id=\"95dbbe6\" data-element_type=\"column\">\n\t\t\t<div class=\"elementor-widget-wrap elementor-element-populated\">\n\t\t\t\t\t\t<div class=\"elementor-element elementor-element-34ee61f elementor-invisible elementor-widget elementor-widget-image\" data-id=\"34ee61f\" data-element_type=\"widget\" data-settings=\"{&quot;_animation&quot;:&quot;zoomIn&quot;}\" data-widget_type=\"image.default\">\n\t\t\t\t<div class=\"elementor-widget-container\">\n\t\t\t\t\t\t\t\t\t\t\t\t\t\t\t<img loading=\"lazy\" decoding=\"async\" width=\"1476\" height=\"744\" src=\"https:\/\/pdbit.com.br\/wp-content\/uploads\/2025\/01\/tendencias-de-inovacao-em-compras-para-2025-o-impacto-da-inteligencia-artificial-generativa-gep-costdrivers-plataforma-de-inteligencia-para-gestao-de-custos-em-procurement-e1738171124789.jpg\" class=\"attachment-full size-full wp-image-752\" alt=\"\" srcset=\"https:\/\/pdbit.com.br\/wp-content\/uploads\/2025\/01\/tendencias-de-inovacao-em-compras-para-2025-o-impacto-da-inteligencia-artificial-generativa-gep-costdrivers-plataforma-de-inteligencia-para-gestao-de-custos-em-procurement-e1738171124789.jpg 1476w, https:\/\/pdbit.com.br\/wp-content\/uploads\/2025\/01\/tendencias-de-inovacao-em-compras-para-2025-o-impacto-da-inteligencia-artificial-generativa-gep-costdrivers-plataforma-de-inteligencia-para-gestao-de-custos-em-procurement-e1738171124789-300x151.jpg 300w, https:\/\/pdbit.com.br\/wp-content\/uploads\/2025\/01\/tendencias-de-inovacao-em-compras-para-2025-o-impacto-da-inteligencia-artificial-generativa-gep-costdrivers-plataforma-de-inteligencia-para-gestao-de-custos-em-procurement-e1738171124789-1024x516.jpg 1024w, https:\/\/pdbit.com.br\/wp-content\/uploads\/2025\/01\/tendencias-de-inovacao-em-compras-para-2025-o-impacto-da-inteligencia-artificial-generativa-gep-costdrivers-plataforma-de-inteligencia-para-gestao-de-custos-em-procurement-e1738171124789-768x387.jpg 768w\" sizes=\"(max-width: 1476px) 100vw, 1476px\" \/>\t\t\t\t\t\t\t\t\t\t\t\t\t\t\t<\/div>\n\t\t\t\t<\/div>\n\t\t\t\t\t<\/div>\n\t\t<\/div>\n\t\t\t\t\t<\/div>\n\t\t<\/section>\n\t\t\t\t<section class=\"elementor-section elementor-top-section elementor-element elementor-element-60012e1 elementor-section-content-middle elementor-section-boxed elementor-section-height-default elementor-section-height-default\" data-id=\"60012e1\" data-element_type=\"section\">\n\t\t\t\t\t\t<div class=\"elementor-container elementor-column-gap-no\">\n\t\t\t\t\t<div class=\"elementor-column elementor-col-50 elementor-top-column elementor-element elementor-element-5f19059\" data-id=\"5f19059\" data-element_type=\"column\">\n\t\t\t<div class=\"elementor-widget-wrap elementor-element-populated\">\n\t\t\t\t\t\t<div class=\"elementor-element elementor-element-1dec844 elementor-invisible elementor-widget elementor-widget-image\" data-id=\"1dec844\" data-element_type=\"widget\" data-settings=\"{&quot;_animation&quot;:&quot;zoomIn&quot;}\" data-widget_type=\"image.default\">\n\t\t\t\t<div class=\"elementor-widget-container\">\n\t\t\t\t\t\t\t\t\t\t\t\t\t\t\t<img loading=\"lazy\" decoding=\"async\" width=\"1384\" height=\"724\" src=\"https:\/\/pdbit.com.br\/wp-content\/uploads\/2025\/01\/savings-cost-avoidance-diferenca-metricas-gep-costdrivers-plataforma-de-inteligencia-para-gestao-de-custos-em-procurement-e1738171417773.jpg\" class=\"attachment-full size-full wp-image-753\" alt=\"\" srcset=\"https:\/\/pdbit.com.br\/wp-content\/uploads\/2025\/01\/savings-cost-avoidance-diferenca-metricas-gep-costdrivers-plataforma-de-inteligencia-para-gestao-de-custos-em-procurement-e1738171417773.jpg 1384w, https:\/\/pdbit.com.br\/wp-content\/uploads\/2025\/01\/savings-cost-avoidance-diferenca-metricas-gep-costdrivers-plataforma-de-inteligencia-para-gestao-de-custos-em-procurement-e1738171417773-300x157.jpg 300w, https:\/\/pdbit.com.br\/wp-content\/uploads\/2025\/01\/savings-cost-avoidance-diferenca-metricas-gep-costdrivers-plataforma-de-inteligencia-para-gestao-de-custos-em-procurement-e1738171417773-1024x536.jpg 1024w, https:\/\/pdbit.com.br\/wp-content\/uploads\/2025\/01\/savings-cost-avoidance-diferenca-metricas-gep-costdrivers-plataforma-de-inteligencia-para-gestao-de-custos-em-procurement-e1738171417773-768x402.jpg 768w\" sizes=\"(max-width: 1384px) 100vw, 1384px\" \/>\t\t\t\t\t\t\t\t\t\t\t\t\t\t\t<\/div>\n\t\t\t\t<\/div>\n\t\t\t\t\t<\/div>\n\t\t<\/div>\n\t\t\t\t<div class=\"elementor-column elementor-col-50 elementor-top-column elementor-element elementor-element-d4ea5f2\" data-id=\"d4ea5f2\" data-element_type=\"column\">\n\t\t\t<div class=\"elementor-widget-wrap elementor-element-populated\">\n\t\t\t\t\t\t<div class=\"elementor-element elementor-element-cbbf8c0 elementor-widget__width-initial elementor-widget elementor-widget-heading\" data-id=\"cbbf8c0\" data-element_type=\"widget\" data-widget_type=\"heading.default\">\n\t\t\t\t<div class=\"elementor-widget-container\">\n\t\t\t\t\t<p class=\"elementor-heading-title elementor-size-default\">o QUE \u00c9 SEGURAN\u00c7A CORPORATIVA?<\/p>\t\t\t\t<\/div>\n\t\t\t\t<\/div>\n\t\t\t\t<div class=\"elementor-element elementor-element-80c28d3 elementor-invisible elementor-widget elementor-widget-text-editor\" data-id=\"80c28d3\" data-element_type=\"widget\" data-settings=\"{&quot;_animation&quot;:&quot;fadeInRight&quot;}\" data-widget_type=\"text-editor.default\">\n\t\t\t\t<div class=\"elementor-widget-container\">\n\t\t\t\t\t\t\t\t\t<p>Entendemos a Seguran\u00e7a Corporativa como um tema estrat\u00e9gico ligado \u00e0 alta dire\u00e7\u00e3o das organiza\u00e7\u00f5es, e importante agente protetor de resultados. Pessoas, processos, ativos e conhecimento s\u00e3o ferramentas de competi\u00e7\u00e3o que devem ser valorizadas, controladas, geridas e preservadas.<\/p><p><span style=\"color: #4d4d4d; font-family: 'Open Sans', sans-serif;\">Permitamos apresentar-lhes solu\u00e7\u00f5es de seguran\u00e7a eletr\u00f4nica que extrapolem a Seguran\u00e7a Corporativa, fazendo com que os nossos sistemas se integrem ao processo produtivo, gerando mais seguran\u00e7a, reduzindo custos e gerando mais efici\u00eancia.<\/span><\/p>\t\t\t\t\t\t\t\t<\/div>\n\t\t\t\t<\/div>\n\t\t\t\t\t<\/div>\n\t\t<\/div>\n\t\t\t\t\t<\/div>\n\t\t<\/section>\n\t\t\t\t<section class=\"elementor-section elementor-top-section elementor-element elementor-element-7c82dc8 elementor-section-content-middle elementor-section-boxed elementor-section-height-default elementor-section-height-default\" data-id=\"7c82dc8\" data-element_type=\"section\">\n\t\t\t\t\t\t<div class=\"elementor-container elementor-column-gap-no\">\n\t\t\t\t\t<div class=\"elementor-column elementor-col-50 elementor-top-column elementor-element elementor-element-640e4bd\" data-id=\"640e4bd\" data-element_type=\"column\">\n\t\t\t<div class=\"elementor-widget-wrap elementor-element-populated\">\n\t\t\t\t\t\t<div class=\"elementor-element elementor-element-4d76aca elementor-widget__width-initial elementor-widget elementor-widget-heading\" data-id=\"4d76aca\" data-element_type=\"widget\" data-widget_type=\"heading.default\">\n\t\t\t\t<div class=\"elementor-widget-container\">\n\t\t\t\t\t<p class=\"elementor-heading-title elementor-size-default\">Conte com nossa equipe de analistas<\/p>\t\t\t\t<\/div>\n\t\t\t\t<\/div>\n\t\t\t\t<div class=\"elementor-element elementor-element-72fb6ab elementor-invisible elementor-widget elementor-widget-text-editor\" data-id=\"72fb6ab\" data-element_type=\"widget\" data-settings=\"{&quot;_animation&quot;:&quot;fadeInRight&quot;}\" data-widget_type=\"text-editor.default\">\n\t\t\t\t<div class=\"elementor-widget-container\">\n\t\t\t\t\t\t\t\t\t<p>Para nossa empresa, o Design da seguran\u00e7a corporativa \u00e9 uma arte que nos impele \u00e0 busca da perfei\u00e7\u00e3o.\u00a0<\/p><p>Cada ponto \u00e9 um detalhe que merece toda a aten\u00e7\u00e3o e cuidado.<\/p><p>\u00a0Somente agindo desta forma, observando-se o quadro como um todo e em todas as suas nuances, pode-se chegar \u00e0 perfei\u00e7\u00e3o.\u00a0<\/p><p>Conte com a nossa equipe de analistas na busca da melhor e mais eficaz solu\u00e7\u00e3o de seguran\u00e7a para sua organiza\u00e7\u00e3o.<\/p><p>\u00a0Afinal, esta \u00e9 a nossa voca\u00e7\u00e3o!<\/p>\t\t\t\t\t\t\t\t<\/div>\n\t\t\t\t<\/div>\n\t\t\t\t\t<\/div>\n\t\t<\/div>\n\t\t\t\t<div class=\"elementor-column elementor-col-50 elementor-top-column elementor-element elementor-element-c15c2bf\" data-id=\"c15c2bf\" data-element_type=\"column\">\n\t\t\t<div class=\"elementor-widget-wrap elementor-element-populated\">\n\t\t\t\t\t\t<div class=\"elementor-element elementor-element-db34dcd elementor-invisible elementor-widget elementor-widget-image\" data-id=\"db34dcd\" data-element_type=\"widget\" data-settings=\"{&quot;_animation&quot;:&quot;zoomIn&quot;}\" data-widget_type=\"image.default\">\n\t\t\t\t<div class=\"elementor-widget-container\">\n\t\t\t\t\t\t\t\t\t\t\t\t\t\t\t<img loading=\"lazy\" decoding=\"async\" width=\"800\" height=\"478\" src=\"https:\/\/pdbit.com.br\/wp-content\/uploads\/2025\/01\/analista-equipe-1024xauto.jpg\" class=\"attachment-full size-full wp-image-754\" alt=\"\" srcset=\"https:\/\/pdbit.com.br\/wp-content\/uploads\/2025\/01\/analista-equipe-1024xauto.jpg 800w, https:\/\/pdbit.com.br\/wp-content\/uploads\/2025\/01\/analista-equipe-1024xauto-300x179.jpg 300w, https:\/\/pdbit.com.br\/wp-content\/uploads\/2025\/01\/analista-equipe-1024xauto-768x459.jpg 768w\" sizes=\"(max-width: 800px) 100vw, 800px\" \/>\t\t\t\t\t\t\t\t\t\t\t\t\t\t\t<\/div>\n\t\t\t\t<\/div>\n\t\t\t\t\t<\/div>\n\t\t<\/div>\n\t\t\t\t\t<\/div>\n\t\t<\/section>\n\t\t\t\t<\/div>\n\t\t","protected":false},"excerpt":{"rendered":"<p>lider-Design de sistemas integrados Home Design de sistemas integrados SOLU\u00c7\u00d5ES CRIATIVAS O mundo est\u00e1 cada vez mais complexo e demandante de solu\u00e7\u00f5es criativas. Permita que nossos especialistas se superem.\u00a0 Permitamos apresentar-lhes solu\u00e7\u00f5es de seguran\u00e7a eletr\u00f4nica que extrapolem a Seguran\u00e7a Corporativa, fazendo com que os nossos sistemas se integrem ao processo produtivo, gerando mais seguran\u00e7a, reduzindo [&hellip;]<\/p>\n","protected":false},"author":1,"featured_media":0,"parent":0,"menu_order":0,"comment_status":"closed","ping_status":"closed","template":"elementor_header_footer","meta":{"_eb_attr":"","footnotes":""},"class_list":["post-146","page","type-page","status-publish","hentry"],"_links":{"self":[{"href":"https:\/\/pdbit.com.br\/index.php?rest_route=\/wp\/v2\/pages\/146","targetHints":{"allow":["GET"]}}],"collection":[{"href":"https:\/\/pdbit.com.br\/index.php?rest_route=\/wp\/v2\/pages"}],"about":[{"href":"https:\/\/pdbit.com.br\/index.php?rest_route=\/wp\/v2\/types\/page"}],"author":[{"embeddable":true,"href":"https:\/\/pdbit.com.br\/index.php?rest_route=\/wp\/v2\/users\/1"}],"replies":[{"embeddable":true,"href":"https:\/\/pdbit.com.br\/index.php?rest_route=%2Fwp%2Fv2%2Fcomments&post=146"}],"version-history":[{"count":17,"href":"https:\/\/pdbit.com.br\/index.php?rest_route=\/wp\/v2\/pages\/146\/revisions"}],"predecessor-version":[{"id":757,"href":"https:\/\/pdbit.com.br\/index.php?rest_route=\/wp\/v2\/pages\/146\/revisions\/757"}],"wp:attachment":[{"href":"https:\/\/pdbit.com.br\/index.php?rest_route=%2Fwp%2Fv2%2Fmedia&parent=146"}],"curies":[{"name":"wp","href":"https:\/\/api.w.org\/{rel}","templated":true}]}}