{"id":759,"date":"2025-01-29T15:51:34","date_gmt":"2025-01-29T18:51:34","guid":{"rendered":"https:\/\/pdbit.com.br\/?page_id=759"},"modified":"2025-01-29T16:36:40","modified_gmt":"2025-01-29T19:36:40","slug":"seguranca_sistemas-de-cftv","status":"publish","type":"page","link":"https:\/\/pdbit.com.br\/?page_id=759","title":{"rendered":"seguranca_Sistemas de CFTV"},"content":{"rendered":"\t\t<div data-elementor-type=\"wp-page\" data-elementor-id=\"759\" class=\"elementor elementor-759\">\n\t\t\t\t\t\t<section class=\"elementor-section elementor-top-section elementor-element elementor-element-201a4f82 elementor-section-boxed elementor-section-height-default elementor-section-height-default\" data-id=\"201a4f82\" data-element_type=\"section\" data-settings=\"{&quot;background_background&quot;:&quot;gradient&quot;}\">\n\t\t\t\t\t\t<div class=\"elementor-container elementor-column-gap-no\">\n\t\t\t\t\t<div class=\"elementor-column elementor-col-100 elementor-top-column elementor-element elementor-element-49484ab2\" data-id=\"49484ab2\" data-element_type=\"column\">\n\t\t\t<div class=\"elementor-widget-wrap elementor-element-populated\">\n\t\t\t\t\t\t<div class=\"elementor-element elementor-element-64e9fee9 elementor-widget elementor-widget-heading\" data-id=\"64e9fee9\" data-element_type=\"widget\" data-widget_type=\"heading.default\">\n\t\t\t\t<div class=\"elementor-widget-container\">\n\t\t\t\t\t<p class=\"elementor-heading-title elementor-size-default\">lider-Sistemas de CFTV \u2013 Circuito fechado de televis\u00e3o<\/p>\t\t\t\t<\/div>\n\t\t\t\t<\/div>\n\t\t\t\t<div class=\"elementor-element elementor-element-6e64a829 elementor-icon-list--layout-inline elementor-align-center elementor-list-item-link-full_width elementor-widget elementor-widget-icon-list\" data-id=\"6e64a829\" data-element_type=\"widget\" data-widget_type=\"icon-list.default\">\n\t\t\t\t<div class=\"elementor-widget-container\">\n\t\t\t\t\t\t\t<ul class=\"elementor-icon-list-items elementor-inline-items\">\n\t\t\t\t\t\t\t<li class=\"elementor-icon-list-item elementor-inline-item\">\n\t\t\t\t\t\t\t\t\t\t\t<a href=\"#\">\n\n\t\t\t\t\t\t\t\t\t\t\t<span class=\"elementor-icon-list-text\">Home<\/span>\n\t\t\t\t\t\t\t\t\t\t\t<\/a>\n\t\t\t\t\t\t\t\t\t<\/li>\n\t\t\t\t\t\t\t\t<li class=\"elementor-icon-list-item elementor-inline-item\">\n\t\t\t\t\t\t\t\t\t\t\t<span class=\"elementor-icon-list-icon\">\n\t\t\t\t\t\t\t<svg aria-hidden=\"true\" class=\"e-font-icon-svg e-fas-minus\" viewBox=\"0 0 448 512\" xmlns=\"http:\/\/www.w3.org\/2000\/svg\"><path d=\"M416 208H32c-17.67 0-32 14.33-32 32v32c0 17.67 14.33 32 32 32h384c17.67 0 32-14.33 32-32v-32c0-17.67-14.33-32-32-32z\"><\/path><\/svg>\t\t\t\t\t\t<\/span>\n\t\t\t\t\t\t\t\t\t\t<span class=\"elementor-icon-list-text\">Sistemas de CFTV \u2013 Circuito fechado de televis\u00e3o<\/span>\n\t\t\t\t\t\t\t\t\t<\/li>\n\t\t\t\t\t\t<\/ul>\n\t\t\t\t\t\t<\/div>\n\t\t\t\t<\/div>\n\t\t\t\t<div class=\"elementor-element elementor-element-5f0a8909 elementor-widget__width-initial elementor-absolute elementor-widget elementor-widget-image\" data-id=\"5f0a8909\" data-element_type=\"widget\" data-settings=\"{&quot;_position&quot;:&quot;absolute&quot;}\" data-widget_type=\"image.default\">\n\t\t\t\t<div class=\"elementor-widget-container\">\n\t\t\t\t\t\t\t\t\t\t\t\t\t\t\t<img decoding=\"async\" width=\"39\" height=\"39\" src=\"https:\/\/pdbit.com.br\/wp-content\/uploads\/2025\/01\/54f4de58-object-22-a.png\" class=\"attachment-full size-full wp-image-129\" alt=\"\" \/>\t\t\t\t\t\t\t\t\t\t\t\t\t\t\t<\/div>\n\t\t\t\t<\/div>\n\t\t\t\t<div class=\"elementor-element elementor-element-7aaad026 elementor-widget__width-initial elementor-absolute elementor-widget elementor-widget-image\" data-id=\"7aaad026\" data-element_type=\"widget\" data-settings=\"{&quot;_position&quot;:&quot;absolute&quot;}\" data-widget_type=\"image.default\">\n\t\t\t\t<div class=\"elementor-widget-container\">\n\t\t\t\t\t\t\t\t\t\t\t\t\t\t\t<img decoding=\"async\" width=\"31\" height=\"31\" src=\"https:\/\/pdbit.com.br\/wp-content\/uploads\/2025\/01\/49220ab9-object-21-a.png\" class=\"attachment-full size-full wp-image-225\" alt=\"\" \/>\t\t\t\t\t\t\t\t\t\t\t\t\t\t\t<\/div>\n\t\t\t\t<\/div>\n\t\t\t\t<div class=\"elementor-element elementor-element-300c0bc9 elementor-widget__width-initial elementor-absolute elementor-widget elementor-widget-image\" data-id=\"300c0bc9\" data-element_type=\"widget\" data-settings=\"{&quot;_position&quot;:&quot;absolute&quot;}\" data-widget_type=\"image.default\">\n\t\t\t\t<div class=\"elementor-widget-container\">\n\t\t\t\t\t\t\t\t\t\t\t\t\t\t\t<img decoding=\"async\" width=\"39\" height=\"39\" src=\"https:\/\/pdbit.com.br\/wp-content\/uploads\/2025\/01\/4fd38dc7-object-20-a.png\" class=\"attachment-full size-full wp-image-131\" alt=\"\" \/>\t\t\t\t\t\t\t\t\t\t\t\t\t\t\t<\/div>\n\t\t\t\t<\/div>\n\t\t\t\t\t<\/div>\n\t\t<\/div>\n\t\t\t\t\t<\/div>\n\t\t<\/section>\n\t\t<div class=\"elementor-element elementor-element-f59d01b e-flex e-con-boxed e-con e-parent\" data-id=\"f59d01b\" data-element_type=\"container\">\n\t\t\t\t\t<div class=\"e-con-inner\">\n\t\t\t\t<div class=\"elementor-element elementor-element-d8d5ef0 elementor-widget elementor-widget-image\" data-id=\"d8d5ef0\" data-element_type=\"widget\" data-widget_type=\"image.default\">\n\t\t\t\t<div class=\"elementor-widget-container\">\n\t\t\t\t\t\t\t\t\t\t\t\t\t\t\t<img loading=\"lazy\" decoding=\"async\" width=\"499\" height=\"125\" src=\"https:\/\/pdbit.com.br\/wp-content\/uploads\/2025\/01\/LogoLider1-e1738170085912.png\" class=\"attachment-1536x1536 size-1536x1536 wp-image-740\" alt=\"\" srcset=\"https:\/\/pdbit.com.br\/wp-content\/uploads\/2025\/01\/LogoLider1-e1738170085912.png 499w, https:\/\/pdbit.com.br\/wp-content\/uploads\/2025\/01\/LogoLider1-e1738170085912-300x75.png 300w\" sizes=\"(max-width: 499px) 100vw, 499px\" \/>\t\t\t\t\t\t\t\t\t\t\t\t\t\t\t<\/div>\n\t\t\t\t<\/div>\n\t\t\t\t\t<\/div>\n\t\t\t\t<\/div>\n\t\t\t\t<section class=\"elementor-section elementor-top-section elementor-element elementor-element-671dac47 elementor-section-content-middle elementor-section-boxed elementor-section-height-default elementor-section-height-default\" data-id=\"671dac47\" data-element_type=\"section\">\n\t\t\t\t\t\t<div class=\"elementor-container elementor-column-gap-no\">\n\t\t\t\t\t<div class=\"elementor-column elementor-col-50 elementor-top-column elementor-element elementor-element-51b2c0c1\" data-id=\"51b2c0c1\" data-element_type=\"column\">\n\t\t\t<div class=\"elementor-widget-wrap elementor-element-populated\">\n\t\t\t\t\t\t<div class=\"elementor-element elementor-element-7976cd45 elementor-invisible elementor-widget elementor-widget-image\" data-id=\"7976cd45\" data-element_type=\"widget\" data-settings=\"{&quot;_animation&quot;:&quot;zoomIn&quot;}\" data-widget_type=\"image.default\">\n\t\t\t\t<div class=\"elementor-widget-container\">\n\t\t\t\t\t\t\t\t\t\t\t\t\t\t\t<img loading=\"lazy\" decoding=\"async\" width=\"1350\" height=\"900\" src=\"https:\/\/pdbit.com.br\/wp-content\/uploads\/2025\/01\/cftv-tipos-cameras-destaque-onlytel.webp\" class=\"attachment-full size-full wp-image-772\" alt=\"\" srcset=\"https:\/\/pdbit.com.br\/wp-content\/uploads\/2025\/01\/cftv-tipos-cameras-destaque-onlytel.webp 1350w, https:\/\/pdbit.com.br\/wp-content\/uploads\/2025\/01\/cftv-tipos-cameras-destaque-onlytel-300x200.webp 300w, https:\/\/pdbit.com.br\/wp-content\/uploads\/2025\/01\/cftv-tipos-cameras-destaque-onlytel-1024x683.webp 1024w, https:\/\/pdbit.com.br\/wp-content\/uploads\/2025\/01\/cftv-tipos-cameras-destaque-onlytel-768x512.webp 768w\" sizes=\"(max-width: 1350px) 100vw, 1350px\" \/>\t\t\t\t\t\t\t\t\t\t\t\t\t\t\t<\/div>\n\t\t\t\t<\/div>\n\t\t\t\t\t<\/div>\n\t\t<\/div>\n\t\t\t\t<div class=\"elementor-column elementor-col-50 elementor-top-column elementor-element elementor-element-4e2b1d96\" data-id=\"4e2b1d96\" data-element_type=\"column\">\n\t\t\t<div class=\"elementor-widget-wrap elementor-element-populated\">\n\t\t\t\t\t\t<div class=\"elementor-element elementor-element-10aebc00 elementor-widget__width-initial elementor-widget elementor-widget-heading\" data-id=\"10aebc00\" data-element_type=\"widget\" data-widget_type=\"heading.default\">\n\t\t\t\t<div class=\"elementor-widget-container\">\n\t\t\t\t\t<p class=\"elementor-heading-title elementor-size-default\">Sistema de c\u00e2mera remota<\/p>\t\t\t\t<\/div>\n\t\t\t\t<\/div>\n\t\t\t\t<div class=\"elementor-element elementor-element-274e7bc2 elementor-invisible elementor-widget elementor-widget-text-editor\" data-id=\"274e7bc2\" data-element_type=\"widget\" data-settings=\"{&quot;_animation&quot;:&quot;fadeInRight&quot;}\" data-widget_type=\"text-editor.default\">\n\t\t\t\t<div class=\"elementor-widget-container\">\n\t\t\t\t\t\t\t\t\t<p>Destina-se \u00e0 observa\u00e7\u00e3o de locais, pessoas ou processos a partir de um local remoto, onde as imagens poder\u00e3o ser analisadas e eventualmente gravadas ou armazenadas .<\/p><p>Existem in\u00fameros tipos de c\u00e2meras com uma grande variedade de recursos t\u00e9cnicos (fixas, m\u00f3veis, anal\u00f3gicas, digitais, alta defini\u00e7\u00e3o, infravermelho, entre outros), que influenciam no desempenho deste sistema.\u00a0<\/p><p>Para uma especifica\u00e7\u00e3o perfeita, \u00e9 recomendada a medi\u00e7\u00e3o in loco diurna e noturna dos pontos cr\u00edticos a serem observados ap\u00f3s efetuada a an\u00e1lise de risco.<\/p>\t\t\t\t\t\t\t\t<\/div>\n\t\t\t\t<\/div>\n\t\t\t\t\t<\/div>\n\t\t<\/div>\n\t\t\t\t\t<\/div>\n\t\t<\/section>\n\t\t\t\t<section class=\"elementor-section elementor-top-section elementor-element elementor-element-5b1bea7 elementor-section-content-middle elementor-section-boxed elementor-section-height-default elementor-section-height-default\" data-id=\"5b1bea7\" data-element_type=\"section\">\n\t\t\t\t\t\t<div class=\"elementor-container elementor-column-gap-no\">\n\t\t\t\t\t<div class=\"elementor-column elementor-col-50 elementor-top-column elementor-element elementor-element-91fad42\" data-id=\"91fad42\" data-element_type=\"column\">\n\t\t\t<div class=\"elementor-widget-wrap elementor-element-populated\">\n\t\t\t\t\t\t<div class=\"elementor-element elementor-element-726fd3a elementor-widget__width-initial elementor-widget elementor-widget-heading\" data-id=\"726fd3a\" data-element_type=\"widget\" data-widget_type=\"heading.default\">\n\t\t\t\t<div class=\"elementor-widget-container\">\n\t\t\t\t\t<p class=\"elementor-heading-title elementor-size-default\">CFTV<\/p>\t\t\t\t<\/div>\n\t\t\t\t<\/div>\n\t\t\t\t<div class=\"elementor-element elementor-element-30bb21a elementor-invisible elementor-widget elementor-widget-text-editor\" data-id=\"30bb21a\" data-element_type=\"widget\" data-settings=\"{&quot;_animation&quot;:&quot;fadeInRight&quot;}\" data-widget_type=\"text-editor.default\">\n\t\t\t\t<div class=\"elementor-widget-container\">\n\t\t\t\t\t\t\t\t\t<p>O sistema de CFTV (Circuito Fechado de Televis\u00e3o) ou CCTV (closed-circuit television), em ingl\u00eas, \u00e9 comumente utilizado para compor a seguran\u00e7a patrimonial, de pequenas resid\u00eancias a grandes condom\u00ednios, de pequenas empresas a grandes corpora\u00e7\u00f5es, de pequenas \u00e1reas a grandes parques, etc.<\/p><p>Os principais motivos de instalar um sistema de CFTV s\u00e3o: poder acompanhar, registrar e, de forma imediata \u2013 se necess\u00e1rio \u2013 agir contra eventuais sinistros causados por pessoas mal-intencionadas ou incidentes do dia a dia.<\/p>\t\t\t\t\t\t\t\t<\/div>\n\t\t\t\t<\/div>\n\t\t\t\t\t<\/div>\n\t\t<\/div>\n\t\t\t\t<div class=\"elementor-column elementor-col-50 elementor-top-column elementor-element elementor-element-95dbbe6\" data-id=\"95dbbe6\" data-element_type=\"column\">\n\t\t\t<div class=\"elementor-widget-wrap elementor-element-populated\">\n\t\t\t\t\t\t<div class=\"elementor-element elementor-element-34ee61f elementor-invisible elementor-widget elementor-widget-image\" data-id=\"34ee61f\" data-element_type=\"widget\" data-settings=\"{&quot;_animation&quot;:&quot;zoomIn&quot;}\" data-widget_type=\"image.default\">\n\t\t\t\t<div class=\"elementor-widget-container\">\n\t\t\t\t\t\t\t\t\t\t\t\t\t\t\t<img loading=\"lazy\" decoding=\"async\" width=\"1200\" height=\"800\" src=\"https:\/\/pdbit.com.br\/wp-content\/uploads\/2025\/01\/CFTV-e-seguranca-eletronica-entenda-quais-as-vantagens.png\" class=\"attachment-full size-full wp-image-773\" alt=\"\" srcset=\"https:\/\/pdbit.com.br\/wp-content\/uploads\/2025\/01\/CFTV-e-seguranca-eletronica-entenda-quais-as-vantagens.png 1200w, https:\/\/pdbit.com.br\/wp-content\/uploads\/2025\/01\/CFTV-e-seguranca-eletronica-entenda-quais-as-vantagens-300x200.png 300w, https:\/\/pdbit.com.br\/wp-content\/uploads\/2025\/01\/CFTV-e-seguranca-eletronica-entenda-quais-as-vantagens-1024x683.png 1024w, https:\/\/pdbit.com.br\/wp-content\/uploads\/2025\/01\/CFTV-e-seguranca-eletronica-entenda-quais-as-vantagens-768x512.png 768w\" sizes=\"(max-width: 1200px) 100vw, 1200px\" \/>\t\t\t\t\t\t\t\t\t\t\t\t\t\t\t<\/div>\n\t\t\t\t<\/div>\n\t\t\t\t\t<\/div>\n\t\t<\/div>\n\t\t\t\t\t<\/div>\n\t\t<\/section>\n\t\t\t\t<section class=\"elementor-section elementor-top-section elementor-element elementor-element-60012e1 elementor-section-content-middle elementor-section-boxed elementor-section-height-default elementor-section-height-default\" data-id=\"60012e1\" data-element_type=\"section\">\n\t\t\t\t\t\t<div class=\"elementor-container elementor-column-gap-no\">\n\t\t\t\t\t<div class=\"elementor-column elementor-col-50 elementor-top-column elementor-element elementor-element-5f19059\" data-id=\"5f19059\" data-element_type=\"column\">\n\t\t\t<div class=\"elementor-widget-wrap elementor-element-populated\">\n\t\t\t\t\t\t<div class=\"elementor-element elementor-element-1dec844 elementor-invisible elementor-widget elementor-widget-image\" data-id=\"1dec844\" data-element_type=\"widget\" data-settings=\"{&quot;_animation&quot;:&quot;zoomIn&quot;}\" data-widget_type=\"image.default\">\n\t\t\t\t<div class=\"elementor-widget-container\">\n\t\t\t\t\t\t\t\t\t\t\t\t\t\t\t<img loading=\"lazy\" decoding=\"async\" width=\"992\" height=\"603\" src=\"https:\/\/pdbit.com.br\/wp-content\/uploads\/2025\/01\/qual-e-o-significado-de-CFTV.jpg\" class=\"attachment-full size-full wp-image-777\" alt=\"\" srcset=\"https:\/\/pdbit.com.br\/wp-content\/uploads\/2025\/01\/qual-e-o-significado-de-CFTV.jpg 992w, https:\/\/pdbit.com.br\/wp-content\/uploads\/2025\/01\/qual-e-o-significado-de-CFTV-300x182.jpg 300w, https:\/\/pdbit.com.br\/wp-content\/uploads\/2025\/01\/qual-e-o-significado-de-CFTV-768x467.jpg 768w\" sizes=\"(max-width: 992px) 100vw, 992px\" \/>\t\t\t\t\t\t\t\t\t\t\t\t\t\t\t<\/div>\n\t\t\t\t<\/div>\n\t\t\t\t\t<\/div>\n\t\t<\/div>\n\t\t\t\t<div class=\"elementor-column elementor-col-50 elementor-top-column elementor-element elementor-element-d4ea5f2\" data-id=\"d4ea5f2\" data-element_type=\"column\">\n\t\t\t<div class=\"elementor-widget-wrap elementor-element-populated\">\n\t\t\t\t\t\t<div class=\"elementor-element elementor-element-cbbf8c0 elementor-widget__width-initial elementor-widget elementor-widget-heading\" data-id=\"cbbf8c0\" data-element_type=\"widget\" data-widget_type=\"heading.default\">\n\t\t\t\t<div class=\"elementor-widget-container\">\n\t\t\t\t\t<p class=\"elementor-heading-title elementor-size-default\">C\u00e2meras de CFTV<\/p>\t\t\t\t<\/div>\n\t\t\t\t<\/div>\n\t\t\t\t<div class=\"elementor-element elementor-element-80c28d3 elementor-invisible elementor-widget elementor-widget-text-editor\" data-id=\"80c28d3\" data-element_type=\"widget\" data-settings=\"{&quot;_animation&quot;:&quot;fadeInRight&quot;}\" data-widget_type=\"text-editor.default\">\n\t\t\t\t<div class=\"elementor-widget-container\">\n\t\t\t\t\t\t\t\t\t<p>O sistema de CFTV \u00e9 composto, resumidamente, por:<\/p><div tabindex=\"0\" role=\"button\" data-tab=\"1\" aria-controls=\"elementor-tab-content-8481\" aria-expanded=\"true\" aria-selected=\"true\"><strong><a tabindex=\"0\">-C\u00e2mera de seguran\u00e7a:<\/a><\/strong><\/div><div role=\"region\" data-tab=\"1\" aria-labelledby=\"elementor-tab-title-8481\"><p>Atrav\u00e9s desses dispositivos, e com toda tecnologia embarcada, que \u00e9 feita a captura das imagens dos respectivos eventos;<\/p><div tabindex=\"0\" role=\"button\" data-tab=\"2\" aria-controls=\"elementor-tab-content-8482\" aria-expanded=\"true\" aria-selected=\"true\"><a tabindex=\"0\">-Transmiss\u00e3o das imagens:<\/a><\/div><div role=\"region\" data-tab=\"2\" aria-labelledby=\"elementor-tab-title-8482\">Seja por cabeamento (met\u00e1lico ou fibra \u00f3ptica) ou Wireless (transmiss\u00e3o sem fio atrav\u00e9s de r\u00e1dio ou Wi Fi), \u00e9 o canal que permite a transmiss\u00e3o das imagens obtidas pelas c\u00e2meras at\u00e9 o sistema de grava\u00e7\u00e3o;<\/div><\/div><div role=\"region\" data-tab=\"2\" aria-labelledby=\"elementor-tab-title-8482\">\u00a0<\/div><div role=\"region\" data-tab=\"2\" aria-labelledby=\"elementor-tab-title-8482\"><div tabindex=\"0\" role=\"button\" data-tab=\"3\" aria-controls=\"elementor-tab-content-8483\" aria-expanded=\"true\" aria-selected=\"true\"><a tabindex=\"0\">-Sistema de grava\u00e7\u00e3o das imagens:<\/a><\/div><div role=\"region\" data-tab=\"3\" aria-labelledby=\"elementor-tab-title-8483\"><p>Seja equipamento de grava\u00e7\u00e3o como Digital V\u00eddeo Recorder (DVR), utilizado para atender a tecnologia Anal\u00f3gica, e Network V\u00eddeo Recorder (NVR), utilizada para a tecnologia IP, ou, servidor de grava\u00e7\u00e3o (computador) via VMS (video management system), s\u00e3o os equipamentos respons\u00e1veis pelo armazenamento das imagens.<\/p><p>As imagens podem ser gravadas conforme premissas estabelecidas como: quantidade de dias de grava\u00e7\u00e3o, a maneira como ser\u00e1 a grava\u00e7\u00e3o \u2013 com detec\u00e7\u00e3o de movimento ou de forma cont\u00ednua -, quantos quadros por segundo (FPS \u2013 frame per second) que gostaria que gravasse e etc, sendo que, todos esses itens mencionados, influenciam na quantidade de \u201cstorage\/HD\u201d que seriam necess\u00e1rios para armazenar a grava\u00e7\u00e3o desejada.<\/p><div id=\"elementor-tab-title-8484\" class=\"elementor-tab-title elementor-active\" tabindex=\"0\" role=\"button\" data-tab=\"4\" aria-controls=\"elementor-tab-content-8484\" aria-expanded=\"true\" aria-selected=\"true\"><a class=\"elementor-toggle-title\" tabindex=\"0\">-Dispositivos para visualiza\u00e7\u00e3o das imagens:<\/a><\/div><div id=\"elementor-tab-content-8484\" class=\"elementor-tab-content elementor-clearfix elementor-active\" role=\"region\" data-tab=\"4\" aria-labelledby=\"elementor-tab-title-8484\">S\u00e3o atrav\u00e9s desses dispositivos que \u00e9 feito o monitoramento das imagens em tempo real, se desejar. O monitoramento \u00e9 feito por dispositivos como smartphones, monitores e v\u00eddeowall.<\/div><p>\u00a0<\/p><\/div><\/div>\t\t\t\t\t\t\t\t<\/div>\n\t\t\t\t<\/div>\n\t\t\t\t\t<\/div>\n\t\t<\/div>\n\t\t\t\t\t<\/div>\n\t\t<\/section>\n\t\t\t\t<section class=\"elementor-section elementor-top-section elementor-element elementor-element-7c82dc8 elementor-section-content-middle elementor-section-boxed elementor-section-height-default elementor-section-height-default\" data-id=\"7c82dc8\" data-element_type=\"section\">\n\t\t\t\t\t\t<div class=\"elementor-container elementor-column-gap-no\">\n\t\t\t\t\t<div class=\"elementor-column elementor-col-50 elementor-top-column elementor-element elementor-element-640e4bd\" data-id=\"640e4bd\" data-element_type=\"column\">\n\t\t\t<div class=\"elementor-widget-wrap elementor-element-populated\">\n\t\t\t\t\t\t<div class=\"elementor-element elementor-element-4d76aca elementor-widget__width-initial elementor-widget elementor-widget-heading\" data-id=\"4d76aca\" data-element_type=\"widget\" data-widget_type=\"heading.default\">\n\t\t\t\t<div class=\"elementor-widget-container\">\n\t\t\t\t\t<p class=\"elementor-heading-title elementor-size-default\">V\u00eddeos Anal\u00edticos<\/p>\t\t\t\t<\/div>\n\t\t\t\t<\/div>\n\t\t\t\t<div class=\"elementor-element elementor-element-72fb6ab elementor-invisible elementor-widget elementor-widget-text-editor\" data-id=\"72fb6ab\" data-element_type=\"widget\" data-settings=\"{&quot;_animation&quot;:&quot;fadeInRight&quot;}\" data-widget_type=\"text-editor.default\">\n\t\t\t\t<div class=\"elementor-widget-container\">\n\t\t\t\t\t\t\t\t\t<p>Devido \u00e0 globaliza\u00e7\u00e3o e desenvolvimento tecnol\u00f3gico, cada vez mais o sistema de CFTV tem experimentado um investimento em recursos fazendo com que as c\u00e2meras possuam uma intelig\u00eancia embarcada capaz de atuar em diversos segmentos, dentre elas: controle de acesso, varejo, rodovia, utilizada para dados estat\u00edsticos e afins.<\/p><p>Quando uma imagem de v\u00eddeo \u00e9 automaticamente processada, para extra\u00e7\u00e3o de alguma informa\u00e7\u00e3o nela representada, temos o chamado processamento anal\u00edtico de v\u00eddeo.<\/p><p>Algumas das primeiras aplica\u00e7\u00f5es que surgiram foram de cerca virtual (fencing), permitindo a detec\u00e7\u00e3o de uma pessoa, animal ou objeto \u201cinvadindo\u201d uma determinada regi\u00e3o da imagem, com gera\u00e7\u00e3o de alarme em caso de detec\u00e7\u00e3o.<\/p>\t\t\t\t\t\t\t\t<\/div>\n\t\t\t\t<\/div>\n\t\t\t\t\t<\/div>\n\t\t<\/div>\n\t\t\t\t<div class=\"elementor-column elementor-col-50 elementor-top-column elementor-element elementor-element-c15c2bf\" data-id=\"c15c2bf\" data-element_type=\"column\">\n\t\t\t<div class=\"elementor-widget-wrap elementor-element-populated\">\n\t\t\t\t\t\t<div class=\"elementor-element elementor-element-db34dcd elementor-invisible elementor-widget elementor-widget-image\" data-id=\"db34dcd\" data-element_type=\"widget\" data-settings=\"{&quot;_animation&quot;:&quot;zoomIn&quot;}\" data-widget_type=\"image.default\">\n\t\t\t\t<div class=\"elementor-widget-container\">\n\t\t\t\t\t\t\t\t\t\t\t\t\t\t\t<img loading=\"lazy\" decoding=\"async\" width=\"750\" height=\"400\" src=\"https:\/\/pdbit.com.br\/wp-content\/uploads\/2025\/01\/cabecalho.webp\" class=\"attachment-full size-full wp-image-779\" alt=\"\" srcset=\"https:\/\/pdbit.com.br\/wp-content\/uploads\/2025\/01\/cabecalho.webp 750w, https:\/\/pdbit.com.br\/wp-content\/uploads\/2025\/01\/cabecalho-300x160.webp 300w\" sizes=\"(max-width: 750px) 100vw, 750px\" \/>\t\t\t\t\t\t\t\t\t\t\t\t\t\t\t<\/div>\n\t\t\t\t<\/div>\n\t\t\t\t\t<\/div>\n\t\t<\/div>\n\t\t\t\t\t<\/div>\n\t\t<\/section>\n\t\t\t\t<\/div>\n\t\t","protected":false},"excerpt":{"rendered":"<p>lider-Sistemas de CFTV \u2013 Circuito fechado de televis\u00e3o Home Sistemas de CFTV \u2013 Circuito fechado de televis\u00e3o Sistema de c\u00e2mera remota Destina-se \u00e0 observa\u00e7\u00e3o de locais, pessoas ou processos a partir de um local remoto, onde as imagens poder\u00e3o ser analisadas e eventualmente gravadas ou armazenadas . Existem in\u00fameros tipos de c\u00e2meras com uma grande [&hellip;]<\/p>\n","protected":false},"author":1,"featured_media":0,"parent":0,"menu_order":0,"comment_status":"closed","ping_status":"closed","template":"elementor_header_footer","meta":{"_eb_attr":"","footnotes":""},"class_list":["post-759","page","type-page","status-publish","hentry"],"_links":{"self":[{"href":"https:\/\/pdbit.com.br\/index.php?rest_route=\/wp\/v2\/pages\/759","targetHints":{"allow":["GET"]}}],"collection":[{"href":"https:\/\/pdbit.com.br\/index.php?rest_route=\/wp\/v2\/pages"}],"about":[{"href":"https:\/\/pdbit.com.br\/index.php?rest_route=\/wp\/v2\/types\/page"}],"author":[{"embeddable":true,"href":"https:\/\/pdbit.com.br\/index.php?rest_route=\/wp\/v2\/users\/1"}],"replies":[{"embeddable":true,"href":"https:\/\/pdbit.com.br\/index.php?rest_route=%2Fwp%2Fv2%2Fcomments&post=759"}],"version-history":[{"count":10,"href":"https:\/\/pdbit.com.br\/index.php?rest_route=\/wp\/v2\/pages\/759\/revisions"}],"predecessor-version":[{"id":782,"href":"https:\/\/pdbit.com.br\/index.php?rest_route=\/wp\/v2\/pages\/759\/revisions\/782"}],"wp:attachment":[{"href":"https:\/\/pdbit.com.br\/index.php?rest_route=%2Fwp%2Fv2%2Fmedia&parent=759"}],"curies":[{"name":"wp","href":"https:\/\/api.w.org\/{rel}","templated":true}]}}