{"id":811,"date":"2025-01-31T14:06:06","date_gmt":"2025-01-31T17:06:06","guid":{"rendered":"https:\/\/pdbit.com.br\/?page_id=811"},"modified":"2025-01-31T14:17:43","modified_gmt":"2025-01-31T17:17:43","slug":"seguranca_cabeamento_estruturado","status":"publish","type":"page","link":"https:\/\/pdbit.com.br\/?page_id=811","title":{"rendered":"seguranca_cabeamento_estruturado"},"content":{"rendered":"\t\t<div data-elementor-type=\"wp-page\" data-elementor-id=\"811\" class=\"elementor elementor-811\">\n\t\t\t\t\t\t<section class=\"elementor-section elementor-top-section elementor-element elementor-element-201a4f82 elementor-section-boxed elementor-section-height-default elementor-section-height-default\" data-id=\"201a4f82\" data-element_type=\"section\" data-settings=\"{&quot;background_background&quot;:&quot;gradient&quot;}\">\n\t\t\t\t\t\t<div class=\"elementor-container elementor-column-gap-no\">\n\t\t\t\t\t<div class=\"elementor-column elementor-col-100 elementor-top-column elementor-element elementor-element-49484ab2\" data-id=\"49484ab2\" data-element_type=\"column\">\n\t\t\t<div class=\"elementor-widget-wrap elementor-element-populated\">\n\t\t\t\t\t\t<div class=\"elementor-element elementor-element-64e9fee9 elementor-widget elementor-widget-heading\" data-id=\"64e9fee9\" data-element_type=\"widget\" data-widget_type=\"heading.default\">\n\t\t\t\t<div class=\"elementor-widget-container\">\n\t\t\t\t\t<p class=\"elementor-heading-title elementor-size-default\">lider-Cabeamento estruturado<\/p>\t\t\t\t<\/div>\n\t\t\t\t<\/div>\n\t\t\t\t<div class=\"elementor-element elementor-element-6e64a829 elementor-icon-list--layout-inline elementor-align-center elementor-list-item-link-full_width elementor-widget elementor-widget-icon-list\" data-id=\"6e64a829\" data-element_type=\"widget\" data-widget_type=\"icon-list.default\">\n\t\t\t\t<div class=\"elementor-widget-container\">\n\t\t\t\t\t\t\t<ul class=\"elementor-icon-list-items elementor-inline-items\">\n\t\t\t\t\t\t\t<li class=\"elementor-icon-list-item elementor-inline-item\">\n\t\t\t\t\t\t\t\t\t\t\t<a href=\"#\">\n\n\t\t\t\t\t\t\t\t\t\t\t<span class=\"elementor-icon-list-text\">Home<\/span>\n\t\t\t\t\t\t\t\t\t\t\t<\/a>\n\t\t\t\t\t\t\t\t\t<\/li>\n\t\t\t\t\t\t\t\t<li class=\"elementor-icon-list-item elementor-inline-item\">\n\t\t\t\t\t\t\t\t\t\t\t<span class=\"elementor-icon-list-icon\">\n\t\t\t\t\t\t\t<svg aria-hidden=\"true\" class=\"e-font-icon-svg e-fas-minus\" viewBox=\"0 0 448 512\" xmlns=\"http:\/\/www.w3.org\/2000\/svg\"><path d=\"M416 208H32c-17.67 0-32 14.33-32 32v32c0 17.67 14.33 32 32 32h384c17.67 0 32-14.33 32-32v-32c0-17.67-14.33-32-32-32z\"><\/path><\/svg>\t\t\t\t\t\t<\/span>\n\t\t\t\t\t\t\t\t\t\t<span class=\"elementor-icon-list-text\">Cabeamento estruturado<\/span>\n\t\t\t\t\t\t\t\t\t<\/li>\n\t\t\t\t\t\t<\/ul>\n\t\t\t\t\t\t<\/div>\n\t\t\t\t<\/div>\n\t\t\t\t<div class=\"elementor-element elementor-element-5f0a8909 elementor-widget__width-initial elementor-absolute elementor-widget elementor-widget-image\" data-id=\"5f0a8909\" data-element_type=\"widget\" data-settings=\"{&quot;_position&quot;:&quot;absolute&quot;}\" data-widget_type=\"image.default\">\n\t\t\t\t<div class=\"elementor-widget-container\">\n\t\t\t\t\t\t\t\t\t\t\t\t\t\t\t<img decoding=\"async\" width=\"39\" height=\"39\" src=\"https:\/\/pdbit.com.br\/wp-content\/uploads\/2025\/01\/54f4de58-object-22-a.png\" class=\"attachment-full size-full wp-image-129\" alt=\"\" \/>\t\t\t\t\t\t\t\t\t\t\t\t\t\t\t<\/div>\n\t\t\t\t<\/div>\n\t\t\t\t<div class=\"elementor-element elementor-element-7aaad026 elementor-widget__width-initial elementor-absolute elementor-widget elementor-widget-image\" data-id=\"7aaad026\" data-element_type=\"widget\" data-settings=\"{&quot;_position&quot;:&quot;absolute&quot;}\" data-widget_type=\"image.default\">\n\t\t\t\t<div class=\"elementor-widget-container\">\n\t\t\t\t\t\t\t\t\t\t\t\t\t\t\t<img decoding=\"async\" width=\"31\" height=\"31\" src=\"https:\/\/pdbit.com.br\/wp-content\/uploads\/2025\/01\/49220ab9-object-21-a.png\" class=\"attachment-full size-full wp-image-225\" alt=\"\" \/>\t\t\t\t\t\t\t\t\t\t\t\t\t\t\t<\/div>\n\t\t\t\t<\/div>\n\t\t\t\t<div class=\"elementor-element elementor-element-300c0bc9 elementor-widget__width-initial elementor-absolute elementor-widget elementor-widget-image\" data-id=\"300c0bc9\" data-element_type=\"widget\" data-settings=\"{&quot;_position&quot;:&quot;absolute&quot;}\" data-widget_type=\"image.default\">\n\t\t\t\t<div class=\"elementor-widget-container\">\n\t\t\t\t\t\t\t\t\t\t\t\t\t\t\t<img decoding=\"async\" width=\"39\" height=\"39\" src=\"https:\/\/pdbit.com.br\/wp-content\/uploads\/2025\/01\/4fd38dc7-object-20-a.png\" class=\"attachment-full size-full wp-image-131\" alt=\"\" \/>\t\t\t\t\t\t\t\t\t\t\t\t\t\t\t<\/div>\n\t\t\t\t<\/div>\n\t\t\t\t\t<\/div>\n\t\t<\/div>\n\t\t\t\t\t<\/div>\n\t\t<\/section>\n\t\t<div class=\"elementor-element elementor-element-f59d01b e-flex e-con-boxed e-con e-parent\" data-id=\"f59d01b\" data-element_type=\"container\">\n\t\t\t\t\t<div class=\"e-con-inner\">\n\t\t\t\t<div class=\"elementor-element elementor-element-d8d5ef0 elementor-widget elementor-widget-image\" data-id=\"d8d5ef0\" data-element_type=\"widget\" data-widget_type=\"image.default\">\n\t\t\t\t<div class=\"elementor-widget-container\">\n\t\t\t\t\t\t\t\t\t\t\t\t\t\t\t<img loading=\"lazy\" decoding=\"async\" width=\"499\" height=\"125\" src=\"https:\/\/pdbit.com.br\/wp-content\/uploads\/2025\/01\/LogoLider1-e1738170085912.png\" class=\"attachment-1536x1536 size-1536x1536 wp-image-740\" alt=\"\" srcset=\"https:\/\/pdbit.com.br\/wp-content\/uploads\/2025\/01\/LogoLider1-e1738170085912.png 499w, https:\/\/pdbit.com.br\/wp-content\/uploads\/2025\/01\/LogoLider1-e1738170085912-300x75.png 300w\" sizes=\"(max-width: 499px) 100vw, 499px\" \/>\t\t\t\t\t\t\t\t\t\t\t\t\t\t\t<\/div>\n\t\t\t\t<\/div>\n\t\t\t\t\t<\/div>\n\t\t\t\t<\/div>\n\t\t\t\t<section class=\"elementor-section elementor-top-section elementor-element elementor-element-671dac47 elementor-section-content-middle elementor-section-boxed elementor-section-height-default elementor-section-height-default\" data-id=\"671dac47\" data-element_type=\"section\">\n\t\t\t\t\t\t<div class=\"elementor-container elementor-column-gap-no\">\n\t\t\t\t\t<div class=\"elementor-column elementor-col-50 elementor-top-column elementor-element elementor-element-51b2c0c1\" data-id=\"51b2c0c1\" data-element_type=\"column\">\n\t\t\t<div class=\"elementor-widget-wrap elementor-element-populated\">\n\t\t\t\t\t\t<div class=\"elementor-element elementor-element-7976cd45 elementor-invisible elementor-widget elementor-widget-image\" data-id=\"7976cd45\" data-element_type=\"widget\" data-settings=\"{&quot;_animation&quot;:&quot;zoomIn&quot;}\" data-widget_type=\"image.default\">\n\t\t\t\t<div class=\"elementor-widget-container\">\n\t\t\t\t\t\t\t\t\t\t\t\t\t\t\t<img loading=\"lazy\" decoding=\"async\" width=\"700\" height=\"465\" src=\"https:\/\/pdbit.com.br\/wp-content\/uploads\/2025\/01\/cabeamento.jpg\" class=\"attachment-full size-full wp-image-813\" alt=\"\" srcset=\"https:\/\/pdbit.com.br\/wp-content\/uploads\/2025\/01\/cabeamento.jpg 700w, https:\/\/pdbit.com.br\/wp-content\/uploads\/2025\/01\/cabeamento-300x199.jpg 300w\" sizes=\"(max-width: 700px) 100vw, 700px\" \/>\t\t\t\t\t\t\t\t\t\t\t\t\t\t\t<\/div>\n\t\t\t\t<\/div>\n\t\t\t\t\t<\/div>\n\t\t<\/div>\n\t\t\t\t<div class=\"elementor-column elementor-col-50 elementor-top-column elementor-element elementor-element-4e2b1d96\" data-id=\"4e2b1d96\" data-element_type=\"column\">\n\t\t\t<div class=\"elementor-widget-wrap elementor-element-populated\">\n\t\t\t\t\t\t<div class=\"elementor-element elementor-element-10aebc00 elementor-widget__width-initial elementor-widget elementor-widget-heading\" data-id=\"10aebc00\" data-element_type=\"widget\" data-widget_type=\"heading.default\">\n\t\t\t\t<div class=\"elementor-widget-container\">\n\t\t\t\t\t<p class=\"elementor-heading-title elementor-size-default\">O que \u00e9 cabeamento estruturado?<\/p>\t\t\t\t<\/div>\n\t\t\t\t<\/div>\n\t\t\t\t<div class=\"elementor-element elementor-element-274e7bc2 elementor-invisible elementor-widget elementor-widget-text-editor\" data-id=\"274e7bc2\" data-element_type=\"widget\" data-settings=\"{&quot;_animation&quot;:&quot;fadeInRight&quot;}\" data-widget_type=\"text-editor.default\">\n\t\t\t\t<div class=\"elementor-widget-container\">\n\t\t\t\t\t\t\t\t\t<p>Por tr\u00e1s das paredes de instala\u00e7\u00f5es modernas, seja um complexo de data center, grandes companhias, grandes edif\u00edcios, e constru\u00e7\u00f5es residenciais, h\u00e1 uma rede de cabos e fia\u00e7\u00e3o trabalhando nos bastidores para manter as comunica\u00e7\u00f5es fluindo.<\/p><p>Os sistemas de cabeamento estruturado suportam as linhas telef\u00f4nicas e telecomunica\u00e7\u00f5es de um edif\u00edcio. Eles conectam in\u00fameras salas, por exemplo, \u00e0 uma rede de fibra \u00f3ptica. Eles tornam poss\u00edvel a comunica\u00e7\u00e3o audiovisual de forma mais eficiente.<\/p><div data-id=\"4bbb917\" data-element_type=\"widget\" data-widget_type=\"text-editor.default\"><h2 class=\"elementor-widget-container\">-Sistemas de cabeamento estruturado:<\/h2><div><a class=\"elementor-toggle-title\" tabindex=\"0\">&#8211; Instala\u00e7\u00f5es de entrada:<\/a><\/div><div>\u00c9 aqui que a fia\u00e7\u00e3o externa telef\u00f4nica ou o provedor de acesso \u00e0 Internet se conecta \u00e0 rede da empresa;<\/div><div>\u00a0<\/div><\/div><div>&#8211;<a class=\"elementor-toggle-title\" tabindex=\"0\">Salas de equipamentos:<\/a><\/div><div>As grandes redes possuem essa sala com controle ambiental que abriga equipamentos de fia\u00e7\u00e3o e pontos de consolida\u00e7\u00e3o. \u00c9 aqui onde ficam os servidores, equipamentos de rede e os principais elementos que fazem o trabalho de transmiss\u00e3o de todas as informa\u00e7\u00f5es importantes de uma empresa.<br \/><br \/><\/div><div>&#8211; <a class=\"elementor-toggle-title\" tabindex=\"0\">Cabeamento de backbone:<\/a><\/div><div>Esses sistemas facilitam a comunica\u00e7\u00e3o entre as salas de equipamentos e as instala\u00e7\u00f5es de entrada.<br \/><br \/><\/div><div><a class=\"elementor-toggle-title\" tabindex=\"0\">-Cabeamento horizontal:<\/a><\/div><div>Esse cabeamento conecta salas de telecomunica\u00e7\u00f5es a tomadas individuais e \u00e1reas de trabalho em cada andar.<br \/><br \/><\/div><div>&#8211;<a class=\"elementor-toggle-title\" tabindex=\"0\">Salas de telecomunica\u00e7\u00f5es:<\/a><\/div><div>Eles se conectam entre os cabos do backbone e os cabos horizontais.<\/div><div>\u00a0<\/div><div>&#8211; <a class=\"elementor-toggle-title\" tabindex=\"0\">Componentes da \u00e1rea de trabalho:<\/a><\/div><div>Esse hardware e cabeamento conecta o equipamento do usu\u00e1rio final \u00e0s tomadas. Esse \u00e9 o espa\u00e7o onde pessoas v\u00e3o realmente utilizar a capacidade da rede.<\/div>\t\t\t\t\t\t\t\t<\/div>\n\t\t\t\t<\/div>\n\t\t\t\t\t<\/div>\n\t\t<\/div>\n\t\t\t\t\t<\/div>\n\t\t<\/section>\n\t\t\t\t<section class=\"elementor-section elementor-top-section elementor-element elementor-element-c89f186 elementor-section-content-middle elementor-section-boxed elementor-section-height-default elementor-section-height-default\" data-id=\"c89f186\" data-element_type=\"section\">\n\t\t\t\t\t\t<div class=\"elementor-container elementor-column-gap-no\">\n\t\t\t\t\t<div class=\"elementor-column elementor-col-50 elementor-top-column elementor-element elementor-element-116009d\" data-id=\"116009d\" data-element_type=\"column\">\n\t\t\t<div class=\"elementor-widget-wrap elementor-element-populated\">\n\t\t\t\t\t\t<div class=\"elementor-element elementor-element-6fed196 elementor-widget__width-initial elementor-widget elementor-widget-heading\" data-id=\"6fed196\" data-element_type=\"widget\" data-widget_type=\"heading.default\">\n\t\t\t\t<div class=\"elementor-widget-container\">\n\t\t\t\t\t<p class=\"elementor-heading-title elementor-size-default\">Por que uma instala\u00e7\u00e3o de cabeamento estruturado \u00e9 t\u00e3o importante para as opera\u00e7\u00f5es das companhias?<\/p>\t\t\t\t<\/div>\n\t\t\t\t<\/div>\n\t\t\t\t<div class=\"elementor-element elementor-element-0460cef elementor-invisible elementor-widget elementor-widget-text-editor\" data-id=\"0460cef\" data-element_type=\"widget\" data-settings=\"{&quot;_animation&quot;:&quot;fadeInRight&quot;}\" data-widget_type=\"text-editor.default\">\n\t\t\t\t<div class=\"elementor-widget-container\">\n\t\t\t\t\t\t\t\t\t<p>No in\u00edcio dos anos 90, \u00e9poca em que a Internet se tornou popular, a hospedagem de comunica\u00e7\u00f5es por linhas telef\u00f4nicas come\u00e7ou a se tornar muito lenta e onerosa. Foi onde surgiu a rede Ethernet. Ligadas a um \u00fanico campus ou canteiro de obras, por exemplo, essas redes permitiam comunica\u00e7\u00e3o e conex\u00e3o \u00e0 Internet mais r\u00e1pidas nos grandes edif\u00edcios comerciais.<\/p><p>E eles fazem tudo isso com menos interrup\u00e7\u00f5es e menos tempo de inatividade do que uma rede ad hoc (s\u00e3o redes sem fio que n\u00e3o necessitam de um ponto de acesso comum aos computadores conectados a ela, fazendo com que todos os dispositivos da rede funcionam como se fossem um roteador, compartilhando e enviando informa\u00e7\u00f5es que v\u00eam de outros dispositivos).<\/p><p>E, \u00e0 medida que mais opera\u00e7\u00f5es comerciais aderiam \u00e0 nova rede, a fia\u00e7\u00e3o precisava crescer ainda mais sofisticada para acomodar hospedagem, upload e download e outras comunica\u00e7\u00f5es de alta velocidade.<\/p><p>Enquanto isso, conforme as companhias iam se modernizando, precisavam de redes mais avan\u00e7adas que fossem suficientemente robustas para atender \u00e0 demanda necess\u00e1ria. Ao mesmo tempo, essas redes mais antigas n\u00e3o tinham protocolo em todo o setor, dificultando sua expans\u00e3o \u00e0 medida que as opera\u00e7\u00f5es cresciam e se modernizavam.<\/p><p>A partir disso, foram estabelecidos os padr\u00f5es TIA, que \u00e9 um conjunto de padr\u00f5es de telecomunica\u00e7\u00f5es da Associa\u00e7\u00e3o das Ind\u00fastrias de Telecomunica\u00e7\u00f5es, para sistemas de cabeamento estruturado. Esses padr\u00f5es incentivaram a conformidade da rede entre os setores e facilitaram a expans\u00e3o \u00e0 medida que os neg\u00f3cios floresciam. Tamb\u00e9m garantiu que os pr\u00e9dios fossem conectados em rede com a organiza\u00e7\u00e3o mais eficiente e sem falhas.<\/p>\t\t\t\t\t\t\t\t<\/div>\n\t\t\t\t<\/div>\n\t\t\t\t\t<\/div>\n\t\t<\/div>\n\t\t\t\t<div class=\"elementor-column elementor-col-50 elementor-top-column elementor-element elementor-element-f244a93\" data-id=\"f244a93\" data-element_type=\"column\">\n\t\t\t<div class=\"elementor-widget-wrap elementor-element-populated\">\n\t\t\t\t\t\t<div class=\"elementor-element elementor-element-3503998 elementor-invisible elementor-widget elementor-widget-image\" data-id=\"3503998\" data-element_type=\"widget\" data-settings=\"{&quot;_animation&quot;:&quot;zoomIn&quot;}\" data-widget_type=\"image.default\">\n\t\t\t\t<div class=\"elementor-widget-container\">\n\t\t\t\t\t\t\t\t\t\t\t\t\t\t\t<img loading=\"lazy\" decoding=\"async\" width=\"1920\" height=\"1080\" src=\"https:\/\/pdbit.com.br\/wp-content\/uploads\/2025\/01\/server-room-at-the-facebook-data-center.jpg\" class=\"attachment-full size-full wp-image-818\" alt=\"\" srcset=\"https:\/\/pdbit.com.br\/wp-content\/uploads\/2025\/01\/server-room-at-the-facebook-data-center.jpg 1920w, https:\/\/pdbit.com.br\/wp-content\/uploads\/2025\/01\/server-room-at-the-facebook-data-center-300x169.jpg 300w, https:\/\/pdbit.com.br\/wp-content\/uploads\/2025\/01\/server-room-at-the-facebook-data-center-1024x576.jpg 1024w, https:\/\/pdbit.com.br\/wp-content\/uploads\/2025\/01\/server-room-at-the-facebook-data-center-768x432.jpg 768w, https:\/\/pdbit.com.br\/wp-content\/uploads\/2025\/01\/server-room-at-the-facebook-data-center-1536x864.jpg 1536w\" sizes=\"(max-width: 1920px) 100vw, 1920px\" \/>\t\t\t\t\t\t\t\t\t\t\t\t\t\t\t<\/div>\n\t\t\t\t<\/div>\n\t\t\t\t\t<\/div>\n\t\t<\/div>\n\t\t\t\t\t<\/div>\n\t\t<\/section>\n\t\t\t\t<section class=\"elementor-section elementor-top-section elementor-element elementor-element-97b70e0 elementor-section-content-middle elementor-section-boxed elementor-section-height-default elementor-section-height-default\" data-id=\"97b70e0\" data-element_type=\"section\">\n\t\t\t\t\t\t<div class=\"elementor-container elementor-column-gap-no\">\n\t\t\t\t\t<div class=\"elementor-column elementor-col-50 elementor-top-column elementor-element elementor-element-85c97db\" data-id=\"85c97db\" data-element_type=\"column\">\n\t\t\t<div class=\"elementor-widget-wrap elementor-element-populated\">\n\t\t\t\t\t\t<div class=\"elementor-element elementor-element-64797ae elementor-invisible elementor-widget elementor-widget-image\" data-id=\"64797ae\" data-element_type=\"widget\" data-settings=\"{&quot;_animation&quot;:&quot;zoomIn&quot;}\" data-widget_type=\"image.default\">\n\t\t\t\t<div class=\"elementor-widget-container\">\n\t\t\t\t\t\t\t\t\t\t\t\t\t\t\t<img loading=\"lazy\" decoding=\"async\" width=\"720\" height=\"480\" src=\"https:\/\/pdbit.com.br\/wp-content\/uploads\/2025\/01\/projeto-de-cabeamento-estruturado.png\" class=\"attachment-full size-full wp-image-819\" alt=\"\" srcset=\"https:\/\/pdbit.com.br\/wp-content\/uploads\/2025\/01\/projeto-de-cabeamento-estruturado.png 720w, https:\/\/pdbit.com.br\/wp-content\/uploads\/2025\/01\/projeto-de-cabeamento-estruturado-300x200.png 300w\" sizes=\"(max-width: 720px) 100vw, 720px\" \/>\t\t\t\t\t\t\t\t\t\t\t\t\t\t\t<\/div>\n\t\t\t\t<\/div>\n\t\t\t\t\t<\/div>\n\t\t<\/div>\n\t\t\t\t<div class=\"elementor-column elementor-col-50 elementor-top-column elementor-element elementor-element-5c0fcf7\" data-id=\"5c0fcf7\" data-element_type=\"column\">\n\t\t\t<div class=\"elementor-widget-wrap elementor-element-populated\">\n\t\t\t\t\t\t<div class=\"elementor-element elementor-element-2058863 elementor-widget__width-initial elementor-widget elementor-widget-heading\" data-id=\"2058863\" data-element_type=\"widget\" data-widget_type=\"heading.default\">\n\t\t\t\t<div class=\"elementor-widget-container\">\n\t\t\t\t\t<p class=\"elementor-heading-title elementor-size-default\">Projetos de cabeamento<\/p>\t\t\t\t<\/div>\n\t\t\t\t<\/div>\n\t\t\t\t<div class=\"elementor-element elementor-element-0ebc2ae elementor-invisible elementor-widget elementor-widget-text-editor\" data-id=\"0ebc2ae\" data-element_type=\"widget\" data-settings=\"{&quot;_animation&quot;:&quot;fadeInRight&quot;}\" data-widget_type=\"text-editor.default\">\n\t\t\t\t<div class=\"elementor-widget-container\">\n\t\t\t\t\t\t\t\t\t<p>Projetos de cabeamento estruturado s\u00e3o \u00fanicos para cada finalidade.\u00a0<\/p><p>De fato, todo site tem seu pr\u00f3prio conjunto de desafios que governa sua instala\u00e7\u00e3o de cabos. Embora cada configura\u00e7\u00e3o possua as seis \u00e1reas b\u00e1sicas mencionadas acima, como um design toma forma dentro de um edif\u00edcio ou de uma cole\u00e7\u00e3o de edif\u00edcios depende de diferentes fatores, como layout, por exemplo.<\/p><p>A consist\u00eancia do design reduz a supervis\u00e3o do gerenciamento. Qualquer instalador de cabeamento estruturado certificado pode entrar, a qualquer momento no futuro e fazer ajustes na rede. Eles saber\u00e3o por onde come\u00e7ar e entender\u00e3o implicitamente a configura\u00e7\u00e3o b\u00e1sica do sistema instalado. Isso significa que ter\u00e1 uma documenta\u00e7\u00e3o uniforme.<\/p><p>Mas a configura\u00e7\u00e3o uniforme tamb\u00e9m se traduz diretamente em produtividade. Cabeamento defeituoso e conectividade ineficiente s\u00e3o as principais causas de tempo de inatividade nas redes comerciais.<\/p><p>Obviamente, mesmo nas melhores redes, as interrup\u00e7\u00f5es ocorrem de tempos em tempos; mas uma rede estruturada profissionalmente planejada economiza tempo de TI no diagn\u00f3stico do problema. Eles sabem exatamente para onde ir e podem implementar um procedimento padr\u00e3o para solu\u00e7\u00e3o de problemas.<\/p><p>O destino da comunica\u00e7\u00e3o ficou claro: o futuro ser\u00e1 automatizado. \u00c9 poss\u00edvel ver, hoje, o surgimento de casas inteligentes equipadas com dispositivos automatizados, mas n\u00e3o s\u00e3o apenas as resid\u00eancias que sentir\u00e3o o impacto da Internet.<\/p><p>Num futuro pr\u00f3ximo, de acordo com todas as previs\u00f5es, a tecnologia da Internet das Coisas moldar\u00e1 todos os tipos de ind\u00fastrias: possibilitar\u00e1 marketing e vendas mais refinados com a coleta de big data. Ele abrir\u00e1 todos os tipos de novas vias de varejo e canais de vendas. Isso far\u00e1 com que o rastreamento de invent\u00e1rio seja uma segunda natureza. Revolucionar\u00e1 os processos industriais. E ser\u00e1 um ganho inesperado para produtividade, efici\u00eancia e conectividade.<\/p><p>Assim como a mudan\u00e7a que ocorreu nos anos 90, a comunica\u00e7\u00e3o est\u00e1 passando por uma transi\u00e7\u00e3o \u2013 e isso significa que as empresas precisar\u00e3o de redes ainda mais r\u00e1pidas, flex\u00edveis e organizadas para se manterem competitivas. Os sistemas ad hoc de ontem simplesmente n\u00e3o s\u00e3o mais suficientes. A verdadeira chave do cabeamento estruturado \u00e9 que ele posiciona as companhias, condom\u00ednios, edif\u00edcios e, etc., para enfrentar os desafios de uma era emergente de telecomunica\u00e7\u00f5es.<\/p>\t\t\t\t\t\t\t\t<\/div>\n\t\t\t\t<\/div>\n\t\t\t\t\t<\/div>\n\t\t<\/div>\n\t\t\t\t\t<\/div>\n\t\t<\/section>\n\t\t\t\t<\/div>\n\t\t","protected":false},"excerpt":{"rendered":"<p>lider-Cabeamento estruturado Home Cabeamento estruturado O que \u00e9 cabeamento estruturado? Por tr\u00e1s das paredes de instala\u00e7\u00f5es modernas, seja um complexo de data center, grandes companhias, grandes edif\u00edcios, e constru\u00e7\u00f5es residenciais, h\u00e1 uma rede de cabos e fia\u00e7\u00e3o trabalhando nos bastidores para manter as comunica\u00e7\u00f5es fluindo. Os sistemas de cabeamento estruturado suportam as linhas telef\u00f4nicas e [&hellip;]<\/p>\n","protected":false},"author":1,"featured_media":0,"parent":0,"menu_order":0,"comment_status":"closed","ping_status":"closed","template":"elementor_header_footer","meta":{"_eb_attr":"","footnotes":""},"class_list":["post-811","page","type-page","status-publish","hentry"],"_links":{"self":[{"href":"https:\/\/pdbit.com.br\/index.php?rest_route=\/wp\/v2\/pages\/811","targetHints":{"allow":["GET"]}}],"collection":[{"href":"https:\/\/pdbit.com.br\/index.php?rest_route=\/wp\/v2\/pages"}],"about":[{"href":"https:\/\/pdbit.com.br\/index.php?rest_route=\/wp\/v2\/types\/page"}],"author":[{"embeddable":true,"href":"https:\/\/pdbit.com.br\/index.php?rest_route=\/wp\/v2\/users\/1"}],"replies":[{"embeddable":true,"href":"https:\/\/pdbit.com.br\/index.php?rest_route=%2Fwp%2Fv2%2Fcomments&post=811"}],"version-history":[{"count":7,"href":"https:\/\/pdbit.com.br\/index.php?rest_route=\/wp\/v2\/pages\/811\/revisions"}],"predecessor-version":[{"id":822,"href":"https:\/\/pdbit.com.br\/index.php?rest_route=\/wp\/v2\/pages\/811\/revisions\/822"}],"wp:attachment":[{"href":"https:\/\/pdbit.com.br\/index.php?rest_route=%2Fwp%2Fv2%2Fmedia&parent=811"}],"curies":[{"name":"wp","href":"https:\/\/api.w.org\/{rel}","templated":true}]}}