{"id":848,"date":"2025-02-03T14:31:20","date_gmt":"2025-02-03T17:31:20","guid":{"rendered":"https:\/\/pdbit.com.br\/?page_id=848"},"modified":"2025-02-11T14:10:01","modified_gmt":"2025-02-11T17:10:01","slug":"lgpd","status":"publish","type":"page","link":"https:\/\/pdbit.com.br\/?page_id=848","title":{"rendered":"LGPD"},"content":{"rendered":"\t\t<div data-elementor-type=\"wp-page\" data-elementor-id=\"848\" class=\"elementor elementor-848\">\n\t\t\t\t\t\t<section class=\"elementor-section elementor-top-section elementor-element elementor-element-201a4f82 elementor-section-boxed elementor-section-height-default elementor-section-height-default\" data-id=\"201a4f82\" data-element_type=\"section\" data-settings=\"{&quot;background_background&quot;:&quot;gradient&quot;}\">\n\t\t\t\t\t\t<div class=\"elementor-container elementor-column-gap-no\">\n\t\t\t\t\t<div class=\"elementor-column elementor-col-100 elementor-top-column elementor-element elementor-element-49484ab2\" data-id=\"49484ab2\" data-element_type=\"column\">\n\t\t\t<div class=\"elementor-widget-wrap elementor-element-populated\">\n\t\t\t\t\t\t<div class=\"elementor-element elementor-element-64e9fee9 elementor-widget elementor-widget-heading\" data-id=\"64e9fee9\" data-element_type=\"widget\" data-widget_type=\"heading.default\">\n\t\t\t\t<div class=\"elementor-widget-container\">\n\t\t\t\t\t<p class=\"elementor-heading-title elementor-size-default\">Lei Geral de Prote\u00e7\u00e3o de Dados<\/p>\t\t\t\t<\/div>\n\t\t\t\t<\/div>\n\t\t\t\t<div class=\"elementor-element elementor-element-6e64a829 elementor-icon-list--layout-inline elementor-align-center elementor-list-item-link-full_width elementor-widget elementor-widget-icon-list\" data-id=\"6e64a829\" data-element_type=\"widget\" data-widget_type=\"icon-list.default\">\n\t\t\t\t<div class=\"elementor-widget-container\">\n\t\t\t\t\t\t\t<ul class=\"elementor-icon-list-items elementor-inline-items\">\n\t\t\t\t\t\t\t<li class=\"elementor-icon-list-item elementor-inline-item\">\n\t\t\t\t\t\t\t\t\t\t\t<a href=\"#\">\n\n\t\t\t\t\t\t\t\t\t\t\t<span class=\"elementor-icon-list-text\">Home<\/span>\n\t\t\t\t\t\t\t\t\t\t\t<\/a>\n\t\t\t\t\t\t\t\t\t<\/li>\n\t\t\t\t\t\t\t\t<li class=\"elementor-icon-list-item elementor-inline-item\">\n\t\t\t\t\t\t\t\t\t\t\t<span class=\"elementor-icon-list-icon\">\n\t\t\t\t\t\t\t<svg aria-hidden=\"true\" class=\"e-font-icon-svg e-fas-minus\" viewBox=\"0 0 448 512\" xmlns=\"http:\/\/www.w3.org\/2000\/svg\"><path d=\"M416 208H32c-17.67 0-32 14.33-32 32v32c0 17.67 14.33 32 32 32h384c17.67 0 32-14.33 32-32v-32c0-17.67-14.33-32-32-32z\"><\/path><\/svg>\t\t\t\t\t\t<\/span>\n\t\t\t\t\t\t\t\t\t\t<span class=\"elementor-icon-list-text\">LGPD<\/span>\n\t\t\t\t\t\t\t\t\t<\/li>\n\t\t\t\t\t\t<\/ul>\n\t\t\t\t\t\t<\/div>\n\t\t\t\t<\/div>\n\t\t\t\t<div class=\"elementor-element elementor-element-5f0a8909 elementor-widget__width-initial elementor-absolute elementor-widget elementor-widget-image\" data-id=\"5f0a8909\" data-element_type=\"widget\" data-settings=\"{&quot;_position&quot;:&quot;absolute&quot;}\" data-widget_type=\"image.default\">\n\t\t\t\t<div class=\"elementor-widget-container\">\n\t\t\t\t\t\t\t\t\t\t\t\t\t\t\t<img decoding=\"async\" width=\"39\" height=\"39\" src=\"https:\/\/pdbit.com.br\/wp-content\/uploads\/2025\/01\/54f4de58-object-22-a.png\" class=\"attachment-full size-full wp-image-129\" alt=\"\" \/>\t\t\t\t\t\t\t\t\t\t\t\t\t\t\t<\/div>\n\t\t\t\t<\/div>\n\t\t\t\t<div class=\"elementor-element elementor-element-7aaad026 elementor-widget__width-initial elementor-absolute elementor-widget elementor-widget-image\" data-id=\"7aaad026\" data-element_type=\"widget\" data-settings=\"{&quot;_position&quot;:&quot;absolute&quot;}\" data-widget_type=\"image.default\">\n\t\t\t\t<div class=\"elementor-widget-container\">\n\t\t\t\t\t\t\t\t\t\t\t\t\t\t\t<img decoding=\"async\" width=\"31\" height=\"31\" src=\"https:\/\/pdbit.com.br\/wp-content\/uploads\/2025\/01\/49220ab9-object-21-a.png\" class=\"attachment-full size-full wp-image-225\" alt=\"\" \/>\t\t\t\t\t\t\t\t\t\t\t\t\t\t\t<\/div>\n\t\t\t\t<\/div>\n\t\t\t\t<div class=\"elementor-element elementor-element-300c0bc9 elementor-widget__width-initial elementor-absolute elementor-widget elementor-widget-image\" data-id=\"300c0bc9\" data-element_type=\"widget\" data-settings=\"{&quot;_position&quot;:&quot;absolute&quot;}\" data-widget_type=\"image.default\">\n\t\t\t\t<div class=\"elementor-widget-container\">\n\t\t\t\t\t\t\t\t\t\t\t\t\t\t\t<img decoding=\"async\" width=\"39\" height=\"39\" src=\"https:\/\/pdbit.com.br\/wp-content\/uploads\/2025\/01\/4fd38dc7-object-20-a.png\" class=\"attachment-full size-full wp-image-131\" alt=\"\" \/>\t\t\t\t\t\t\t\t\t\t\t\t\t\t\t<\/div>\n\t\t\t\t<\/div>\n\t\t\t\t\t<\/div>\n\t\t<\/div>\n\t\t\t\t\t<\/div>\n\t\t<\/section>\n\t\t\t\t<section class=\"elementor-section elementor-top-section elementor-element elementor-element-8cb6a23 elementor-section-boxed elementor-section-height-default elementor-section-height-default\" data-id=\"8cb6a23\" data-element_type=\"section\">\n\t\t\t\t\t\t<div class=\"elementor-container elementor-column-gap-default\">\n\t\t\t\t\t<div class=\"elementor-column elementor-col-100 elementor-top-column elementor-element elementor-element-123954b\" data-id=\"123954b\" data-element_type=\"column\">\n\t\t\t<div class=\"elementor-widget-wrap\">\n\t\t\t\t\t\t\t<\/div>\n\t\t<\/div>\n\t\t\t\t\t<\/div>\n\t\t<\/section>\n\t\t\t\t<section class=\"elementor-section elementor-top-section elementor-element elementor-element-671dac47 elementor-section-content-middle elementor-section-boxed elementor-section-height-default elementor-section-height-default\" data-id=\"671dac47\" data-element_type=\"section\">\n\t\t\t\t\t\t<div class=\"elementor-container elementor-column-gap-no\">\n\t\t\t\t\t<div class=\"elementor-column elementor-col-50 elementor-top-column elementor-element elementor-element-51b2c0c1\" data-id=\"51b2c0c1\" data-element_type=\"column\">\n\t\t\t<div class=\"elementor-widget-wrap elementor-element-populated\">\n\t\t\t\t\t\t<div class=\"elementor-element elementor-element-7976cd45 elementor-invisible elementor-widget elementor-widget-image\" data-id=\"7976cd45\" data-element_type=\"widget\" data-settings=\"{&quot;_animation&quot;:&quot;zoomIn&quot;}\" data-widget_type=\"image.default\">\n\t\t\t\t<div class=\"elementor-widget-container\">\n\t\t\t\t\t\t\t\t\t\t\t\t\t\t\t<img loading=\"lazy\" decoding=\"async\" width=\"1200\" height=\"628\" src=\"https:\/\/pdbit.com.br\/wp-content\/uploads\/2025\/02\/LGPD-1200x628-1.png\" class=\"attachment-full size-full wp-image-856\" alt=\"\" srcset=\"https:\/\/pdbit.com.br\/wp-content\/uploads\/2025\/02\/LGPD-1200x628-1.png 1200w, https:\/\/pdbit.com.br\/wp-content\/uploads\/2025\/02\/LGPD-1200x628-1-300x157.png 300w, https:\/\/pdbit.com.br\/wp-content\/uploads\/2025\/02\/LGPD-1200x628-1-1024x536.png 1024w, https:\/\/pdbit.com.br\/wp-content\/uploads\/2025\/02\/LGPD-1200x628-1-768x402.png 768w\" sizes=\"(max-width: 1200px) 100vw, 1200px\" \/>\t\t\t\t\t\t\t\t\t\t\t\t\t\t\t<\/div>\n\t\t\t\t<\/div>\n\t\t\t\t\t<\/div>\n\t\t<\/div>\n\t\t\t\t<div class=\"elementor-column elementor-col-50 elementor-top-column elementor-element elementor-element-4e2b1d96\" data-id=\"4e2b1d96\" data-element_type=\"column\">\n\t\t\t<div class=\"elementor-widget-wrap elementor-element-populated\">\n\t\t\t\t\t\t<div class=\"elementor-element elementor-element-10aebc00 elementor-widget__width-initial elementor-widget elementor-widget-heading\" data-id=\"10aebc00\" data-element_type=\"widget\" data-widget_type=\"heading.default\">\n\t\t\t\t<div class=\"elementor-widget-container\">\n\t\t\t\t\t<p class=\"elementor-heading-title elementor-size-default\">O que \u00e9 LGPD?<\/p>\t\t\t\t<\/div>\n\t\t\t\t<\/div>\n\t\t\t\t<div class=\"elementor-element elementor-element-274e7bc2 elementor-invisible elementor-widget elementor-widget-text-editor\" data-id=\"274e7bc2\" data-element_type=\"widget\" data-settings=\"{&quot;_animation&quot;:&quot;fadeInRight&quot;}\" data-widget_type=\"text-editor.default\">\n\t\t\t\t<div class=\"elementor-widget-container\">\n\t\t\t\t\t\t\t\t\t<p>A Lei Geral de Prote\u00e7\u00e3o de Dados Pessoais determina que todas as empresas que tratam dados pessoais, sejam clientes ou funcion\u00e1rios, dever\u00e3o adotar medidas para a prote\u00e7\u00e3o e confidencialidade desses dados.<\/p>\t\t\t\t\t\t\t\t<\/div>\n\t\t\t\t<\/div>\n\t\t\t\t\t<\/div>\n\t\t<\/div>\n\t\t\t\t\t<\/div>\n\t\t<\/section>\n\t\t\t\t<section class=\"elementor-section elementor-top-section elementor-element elementor-element-5b1bea7 elementor-section-content-middle elementor-section-boxed elementor-section-height-default elementor-section-height-default\" data-id=\"5b1bea7\" data-element_type=\"section\">\n\t\t\t\t\t\t<div class=\"elementor-container elementor-column-gap-no\">\n\t\t\t\t\t<div class=\"elementor-column elementor-col-50 elementor-top-column elementor-element elementor-element-91fad42\" data-id=\"91fad42\" data-element_type=\"column\">\n\t\t\t<div class=\"elementor-widget-wrap elementor-element-populated\">\n\t\t\t\t\t\t<div class=\"elementor-element elementor-element-726fd3a elementor-widget__width-initial elementor-widget elementor-widget-heading\" data-id=\"726fd3a\" data-element_type=\"widget\" data-widget_type=\"heading.default\">\n\t\t\t\t<div class=\"elementor-widget-container\">\n\t\t\t\t\t<p class=\"elementor-heading-title elementor-size-default\">O que s\u00e3o dados pessoais?<\/p>\t\t\t\t<\/div>\n\t\t\t\t<\/div>\n\t\t\t\t<div class=\"elementor-element elementor-element-30bb21a elementor-invisible elementor-widget elementor-widget-text-editor\" data-id=\"30bb21a\" data-element_type=\"widget\" data-settings=\"{&quot;_animation&quot;:&quot;fadeInRight&quot;}\" data-widget_type=\"text-editor.default\">\n\t\t\t\t<div class=\"elementor-widget-container\">\n\t\t\t\t\t\t\t\t\t<p>S\u00e3o qualquer informa\u00e7\u00e3o que possa identificar uma pessoa. Seja de maneira direta, como o nome, CPF e RG, como tamb\u00e9m de maneira indireta como um endere\u00e7o de email, ip ou n\u00famero de cadastro<\/p>\t\t\t\t\t\t\t\t<\/div>\n\t\t\t\t<\/div>\n\t\t\t\t\t<\/div>\n\t\t<\/div>\n\t\t\t\t<div class=\"elementor-column elementor-col-50 elementor-top-column elementor-element elementor-element-95dbbe6\" data-id=\"95dbbe6\" data-element_type=\"column\">\n\t\t\t<div class=\"elementor-widget-wrap elementor-element-populated\">\n\t\t\t\t\t\t<div class=\"elementor-element elementor-element-34ee61f elementor-invisible elementor-widget elementor-widget-image\" data-id=\"34ee61f\" data-element_type=\"widget\" data-settings=\"{&quot;_animation&quot;:&quot;zoomIn&quot;}\" data-widget_type=\"image.default\">\n\t\t\t\t<div class=\"elementor-widget-container\">\n\t\t\t\t\t\t\t\t\t\t\t\t\t\t\t<img loading=\"lazy\" decoding=\"async\" width=\"1280\" height=\"720\" src=\"https:\/\/pdbit.com.br\/wp-content\/uploads\/2025\/02\/DADOS-PESSOAIS-2.jpg\" class=\"attachment-full size-full wp-image-857\" alt=\"\" srcset=\"https:\/\/pdbit.com.br\/wp-content\/uploads\/2025\/02\/DADOS-PESSOAIS-2.jpg 1280w, https:\/\/pdbit.com.br\/wp-content\/uploads\/2025\/02\/DADOS-PESSOAIS-2-300x169.jpg 300w, https:\/\/pdbit.com.br\/wp-content\/uploads\/2025\/02\/DADOS-PESSOAIS-2-1024x576.jpg 1024w, https:\/\/pdbit.com.br\/wp-content\/uploads\/2025\/02\/DADOS-PESSOAIS-2-768x432.jpg 768w\" sizes=\"(max-width: 1280px) 100vw, 1280px\" \/>\t\t\t\t\t\t\t\t\t\t\t\t\t\t\t<\/div>\n\t\t\t\t<\/div>\n\t\t\t\t\t<\/div>\n\t\t<\/div>\n\t\t\t\t\t<\/div>\n\t\t<\/section>\n\t\t\t\t<section class=\"elementor-section elementor-top-section elementor-element elementor-element-60012e1 elementor-section-content-middle elementor-section-boxed elementor-section-height-default elementor-section-height-default\" data-id=\"60012e1\" data-element_type=\"section\">\n\t\t\t\t\t\t<div class=\"elementor-container elementor-column-gap-no\">\n\t\t\t\t\t<div class=\"elementor-column elementor-col-50 elementor-top-column elementor-element elementor-element-5f19059\" data-id=\"5f19059\" data-element_type=\"column\">\n\t\t\t<div class=\"elementor-widget-wrap elementor-element-populated\">\n\t\t\t\t\t\t<div class=\"elementor-element elementor-element-1dec844 elementor-invisible elementor-widget elementor-widget-image\" data-id=\"1dec844\" data-element_type=\"widget\" data-settings=\"{&quot;_animation&quot;:&quot;zoomIn&quot;}\" data-widget_type=\"image.default\">\n\t\t\t\t<div class=\"elementor-widget-container\">\n\t\t\t\t\t\t\t\t\t\t\t\t\t\t\t<img loading=\"lazy\" decoding=\"async\" width=\"1920\" height=\"1080\" src=\"https:\/\/pdbit.com.br\/wp-content\/uploads\/2025\/02\/Design-sem-nome-5.webp\" class=\"attachment-full size-full wp-image-859\" alt=\"\" srcset=\"https:\/\/pdbit.com.br\/wp-content\/uploads\/2025\/02\/Design-sem-nome-5.webp 1920w, https:\/\/pdbit.com.br\/wp-content\/uploads\/2025\/02\/Design-sem-nome-5-300x169.webp 300w, https:\/\/pdbit.com.br\/wp-content\/uploads\/2025\/02\/Design-sem-nome-5-1024x576.webp 1024w, https:\/\/pdbit.com.br\/wp-content\/uploads\/2025\/02\/Design-sem-nome-5-768x432.webp 768w, https:\/\/pdbit.com.br\/wp-content\/uploads\/2025\/02\/Design-sem-nome-5-1536x864.webp 1536w\" sizes=\"(max-width: 1920px) 100vw, 1920px\" \/>\t\t\t\t\t\t\t\t\t\t\t\t\t\t\t<\/div>\n\t\t\t\t<\/div>\n\t\t\t\t\t<\/div>\n\t\t<\/div>\n\t\t\t\t<div class=\"elementor-column elementor-col-50 elementor-top-column elementor-element elementor-element-d4ea5f2\" data-id=\"d4ea5f2\" data-element_type=\"column\">\n\t\t\t<div class=\"elementor-widget-wrap elementor-element-populated\">\n\t\t\t\t\t\t<div class=\"elementor-element elementor-element-cbbf8c0 elementor-widget__width-initial elementor-widget elementor-widget-heading\" data-id=\"cbbf8c0\" data-element_type=\"widget\" data-widget_type=\"heading.default\">\n\t\t\t\t<div class=\"elementor-widget-container\">\n\t\t\t\t\t<p class=\"elementor-heading-title elementor-size-default\">Tratamento de dados<\/p>\t\t\t\t<\/div>\n\t\t\t\t<\/div>\n\t\t\t\t<div class=\"elementor-element elementor-element-80c28d3 elementor-invisible elementor-widget elementor-widget-text-editor\" data-id=\"80c28d3\" data-element_type=\"widget\" data-settings=\"{&quot;_animation&quot;:&quot;fadeInRight&quot;}\" data-widget_type=\"text-editor.default\">\n\t\t\t\t<div class=\"elementor-widget-container\">\n\t\t\t\t\t\t\t\t\t<p>A LGPD determina o mapeamento e entendimento de onde h\u00e1 tratamento de dados pessoais. E o tratamento de dados \u00e9 toda opera\u00e7\u00e3o realizada com dados pessoais. De maneira f\u00edsica ou digital.<\/p>\t\t\t\t\t\t\t\t<\/div>\n\t\t\t\t<\/div>\n\t\t\t\t\t<\/div>\n\t\t<\/div>\n\t\t\t\t\t<\/div>\n\t\t<\/section>\n\t\t\t\t<section class=\"elementor-section elementor-top-section elementor-element elementor-element-7c82dc8 elementor-section-content-middle elementor-section-boxed elementor-section-height-default elementor-section-height-default\" data-id=\"7c82dc8\" data-element_type=\"section\">\n\t\t\t\t\t\t<div class=\"elementor-container elementor-column-gap-no\">\n\t\t\t\t\t<div class=\"elementor-column elementor-col-50 elementor-top-column elementor-element elementor-element-640e4bd\" data-id=\"640e4bd\" data-element_type=\"column\">\n\t\t\t<div class=\"elementor-widget-wrap elementor-element-populated\">\n\t\t\t\t\t\t<div class=\"elementor-element elementor-element-4d76aca elementor-widget__width-initial elementor-widget elementor-widget-heading\" data-id=\"4d76aca\" data-element_type=\"widget\" data-widget_type=\"heading.default\">\n\t\t\t\t<div class=\"elementor-widget-container\">\n\t\t\t\t\t<p class=\"elementor-heading-title elementor-size-default\">Vis\u00e3o Geral da LGPD dentro das empresas<\/p>\t\t\t\t<\/div>\n\t\t\t\t<\/div>\n\t\t\t\t<div class=\"elementor-element elementor-element-72fb6ab elementor-invisible elementor-widget elementor-widget-text-editor\" data-id=\"72fb6ab\" data-element_type=\"widget\" data-settings=\"{&quot;_animation&quot;:&quot;fadeInRight&quot;}\" data-widget_type=\"text-editor.default\">\n\t\t\t\t<div class=\"elementor-widget-container\">\n\t\t\t\t\t\t\t\t\t<p class=\"fs-5 text-center text-white\">Nossa especialidade \u00e9 a atua\u00e7\u00e3o no pilar de Tecnologia, apoiando e trabalhando em conjunto com as demandas levantadas pelos demais pilares.<\/p><p class=\"fs-5 text-center text-white\">Se necess\u00e1rio, indicamos parceiros para a complementa\u00e7\u00e3o de atividades nos demais pilares.<\/p>\t\t\t\t\t\t\t\t<\/div>\n\t\t\t\t<\/div>\n\t\t\t\t\t<\/div>\n\t\t<\/div>\n\t\t\t\t<div class=\"elementor-column elementor-col-50 elementor-top-column elementor-element elementor-element-c15c2bf\" data-id=\"c15c2bf\" data-element_type=\"column\">\n\t\t\t<div class=\"elementor-widget-wrap elementor-element-populated\">\n\t\t\t\t\t\t<div class=\"elementor-element elementor-element-db34dcd elementor-invisible elementor-widget elementor-widget-image\" data-id=\"db34dcd\" data-element_type=\"widget\" data-settings=\"{&quot;_animation&quot;:&quot;zoomIn&quot;}\" data-widget_type=\"image.default\">\n\t\t\t\t<div class=\"elementor-widget-container\">\n\t\t\t\t\t\t\t\t\t\t\t\t\t\t\t<img loading=\"lazy\" decoding=\"async\" width=\"1599\" height=\"943\" src=\"https:\/\/pdbit.com.br\/wp-content\/uploads\/2025\/02\/adequacao-a-lgpd.jpg\" class=\"attachment-full size-full wp-image-860\" alt=\"\" srcset=\"https:\/\/pdbit.com.br\/wp-content\/uploads\/2025\/02\/adequacao-a-lgpd.jpg 1599w, https:\/\/pdbit.com.br\/wp-content\/uploads\/2025\/02\/adequacao-a-lgpd-300x177.jpg 300w, https:\/\/pdbit.com.br\/wp-content\/uploads\/2025\/02\/adequacao-a-lgpd-1024x604.jpg 1024w, https:\/\/pdbit.com.br\/wp-content\/uploads\/2025\/02\/adequacao-a-lgpd-768x453.jpg 768w, https:\/\/pdbit.com.br\/wp-content\/uploads\/2025\/02\/adequacao-a-lgpd-1536x906.jpg 1536w\" sizes=\"(max-width: 1599px) 100vw, 1599px\" \/>\t\t\t\t\t\t\t\t\t\t\t\t\t\t\t<\/div>\n\t\t\t\t<\/div>\n\t\t\t\t\t<\/div>\n\t\t<\/div>\n\t\t\t\t\t<\/div>\n\t\t<\/section>\n\t\t\t\t<section class=\"elementor-section elementor-top-section elementor-element elementor-element-7ff234d elementor-section-content-middle elementor-section-boxed elementor-section-height-default elementor-section-height-default\" data-id=\"7ff234d\" data-element_type=\"section\" data-settings=\"{&quot;background_background&quot;:&quot;classic&quot;}\">\n\t\t\t\t\t\t<div class=\"elementor-container elementor-column-gap-no\">\n\t\t\t\t\t<div class=\"elementor-column elementor-col-50 elementor-top-column elementor-element elementor-element-6e3cea6 elementor-invisible\" data-id=\"6e3cea6\" data-element_type=\"column\" data-settings=\"{&quot;animation&quot;:&quot;zoomIn&quot;}\">\n\t\t\t<div class=\"elementor-widget-wrap elementor-element-populated\">\n\t\t\t\t\t\t<div class=\"elementor-element elementor-element-2082c46 elementor-widget__width-initial elementor-absolute elementor-widget elementor-widget-image\" data-id=\"2082c46\" data-element_type=\"widget\" data-settings=\"{&quot;_position&quot;:&quot;absolute&quot;}\" data-widget_type=\"image.default\">\n\t\t\t\t<div class=\"elementor-widget-container\">\n\t\t\t\t\t\t\t\t\t\t\t\t\t\t\t<img loading=\"lazy\" decoding=\"async\" width=\"39\" height=\"39\" src=\"https:\/\/pdbit.com.br\/wp-content\/uploads\/2025\/01\/9cc854c8-object-07.png\" class=\"attachment-full size-full wp-image-201\" alt=\"\" \/>\t\t\t\t\t\t\t\t\t\t\t\t\t\t\t<\/div>\n\t\t\t\t<\/div>\n\t\t\t\t<div class=\"elementor-element elementor-element-7c66be6 elementor-widget-tablet__width-initial elementor-invisible elementor-widget elementor-widget-image\" data-id=\"7c66be6\" data-element_type=\"widget\" data-settings=\"{&quot;_animation&quot;:&quot;fadeInLeft&quot;}\" data-widget_type=\"image.default\">\n\t\t\t\t<div class=\"elementor-widget-container\">\n\t\t\t\t\t\t\t\t\t\t\t\t\t\t\t<img loading=\"lazy\" decoding=\"async\" width=\"980\" height=\"980\" src=\"https:\/\/pdbit.com.br\/wp-content\/uploads\/2025\/01\/mapa_brasil-2.jpg\" class=\"attachment-full size-full wp-image-431\" alt=\"\" srcset=\"https:\/\/pdbit.com.br\/wp-content\/uploads\/2025\/01\/mapa_brasil-2.jpg 980w, https:\/\/pdbit.com.br\/wp-content\/uploads\/2025\/01\/mapa_brasil-2-300x300.jpg 300w, https:\/\/pdbit.com.br\/wp-content\/uploads\/2025\/01\/mapa_brasil-2-150x150.jpg 150w, https:\/\/pdbit.com.br\/wp-content\/uploads\/2025\/01\/mapa_brasil-2-768x768.jpg 768w, https:\/\/pdbit.com.br\/wp-content\/uploads\/2025\/01\/mapa_brasil-2-100x100.jpg 100w\" sizes=\"(max-width: 980px) 100vw, 980px\" \/>\t\t\t\t\t\t\t\t\t\t\t\t\t\t\t<\/div>\n\t\t\t\t<\/div>\n\t\t\t\t<div class=\"elementor-element elementor-element-46e6bc3 elementor-widget__width-initial elementor-absolute elementor-widget-tablet__width-initial elementor-widget-mobile__width-initial elementor-widget elementor-widget-image\" data-id=\"46e6bc3\" data-element_type=\"widget\" data-settings=\"{&quot;_position&quot;:&quot;absolute&quot;}\" data-widget_type=\"image.default\">\n\t\t\t\t<div class=\"elementor-widget-container\">\n\t\t\t\t\t\t\t\t\t\t\t\t\t\t\t<img loading=\"lazy\" decoding=\"async\" width=\"980\" height=\"980\" src=\"https:\/\/pdbit.com.br\/wp-content\/uploads\/2025\/01\/mapa_brasil-2.jpg\" class=\"attachment-full size-full wp-image-431\" alt=\"\" srcset=\"https:\/\/pdbit.com.br\/wp-content\/uploads\/2025\/01\/mapa_brasil-2.jpg 980w, https:\/\/pdbit.com.br\/wp-content\/uploads\/2025\/01\/mapa_brasil-2-300x300.jpg 300w, https:\/\/pdbit.com.br\/wp-content\/uploads\/2025\/01\/mapa_brasil-2-150x150.jpg 150w, https:\/\/pdbit.com.br\/wp-content\/uploads\/2025\/01\/mapa_brasil-2-768x768.jpg 768w, https:\/\/pdbit.com.br\/wp-content\/uploads\/2025\/01\/mapa_brasil-2-100x100.jpg 100w\" sizes=\"(max-width: 980px) 100vw, 980px\" \/>\t\t\t\t\t\t\t\t\t\t\t\t\t\t\t<\/div>\n\t\t\t\t<\/div>\n\t\t\t\t\t<\/div>\n\t\t<\/div>\n\t\t\t\t<div class=\"elementor-column elementor-col-50 elementor-top-column elementor-element elementor-element-c9f717e\" data-id=\"c9f717e\" data-element_type=\"column\">\n\t\t\t<div class=\"elementor-widget-wrap elementor-element-populated\">\n\t\t\t\t\t\t<div class=\"elementor-element elementor-element-9530f43 elementor-widget__width-initial elementor-widget elementor-widget-heading\" data-id=\"9530f43\" data-element_type=\"widget\" data-widget_type=\"heading.default\">\n\t\t\t\t<div class=\"elementor-widget-container\">\n\t\t\t\t\t<p class=\"elementor-heading-title elementor-size-default\"><h1 class=\"elementor-heading-title elementor-size-default\">Prote\u00e7\u00e3o com Tecnologia e Conhecimento<\/h1><\/p>\t\t\t\t<\/div>\n\t\t\t\t<\/div>\n\t\t\t\t<div class=\"elementor-element elementor-element-65154df elementor-invisible elementor-widget elementor-widget-text-editor\" data-id=\"65154df\" data-element_type=\"widget\" data-settings=\"{&quot;_animation&quot;:&quot;fadeInRight&quot;}\" data-widget_type=\"text-editor.default\">\n\t\t\t\t<div class=\"elementor-widget-container\">\n\t\t\t\t\t\t\t\t\t<div data-id=\"400c17b\" data-element_type=\"widget\" data-widget_type=\"heading.default\"><p>O Brasil \u00e9 o terceiro pa\u00eds que mais recebe ataques cibern\u00e9ticos em dispositivos conectados \u00e0 internet, informou a Symantec em relat\u00f3rio global. De todas as amea\u00e7as detectadas pela empresa de ciberseguran\u00e7a no segmento de Internet das Coisas (IoT), 9,8% ocorreram no Brasil.<\/p><p>Jornal do Com\u00e9rcio &#8211; Edi\u00e7\u00e3o impressa de 28\/02\/2019.<\/p><\/div>\t\t\t\t\t\t\t\t<\/div>\n\t\t\t\t<\/div>\n\t\t\t\t\t<\/div>\n\t\t<\/div>\n\t\t\t\t\t<\/div>\n\t\t<\/section>\n\t\t\t\t<\/div>\n\t\t","protected":false},"excerpt":{"rendered":"<p>Lei Geral de Prote\u00e7\u00e3o de Dados Home LGPD O que \u00e9 LGPD? A Lei Geral de Prote\u00e7\u00e3o de Dados Pessoais determina que todas as empresas que tratam dados pessoais, sejam clientes ou funcion\u00e1rios, dever\u00e3o adotar medidas para a prote\u00e7\u00e3o e confidencialidade desses dados. O que s\u00e3o dados pessoais? S\u00e3o qualquer informa\u00e7\u00e3o que possa identificar uma [&hellip;]<\/p>\n","protected":false},"author":1,"featured_media":0,"parent":0,"menu_order":0,"comment_status":"closed","ping_status":"closed","template":"elementor_header_footer","meta":{"_eb_attr":"","footnotes":""},"class_list":["post-848","page","type-page","status-publish","hentry"],"_links":{"self":[{"href":"https:\/\/pdbit.com.br\/index.php?rest_route=\/wp\/v2\/pages\/848","targetHints":{"allow":["GET"]}}],"collection":[{"href":"https:\/\/pdbit.com.br\/index.php?rest_route=\/wp\/v2\/pages"}],"about":[{"href":"https:\/\/pdbit.com.br\/index.php?rest_route=\/wp\/v2\/types\/page"}],"author":[{"embeddable":true,"href":"https:\/\/pdbit.com.br\/index.php?rest_route=\/wp\/v2\/users\/1"}],"replies":[{"embeddable":true,"href":"https:\/\/pdbit.com.br\/index.php?rest_route=%2Fwp%2Fv2%2Fcomments&post=848"}],"version-history":[{"count":7,"href":"https:\/\/pdbit.com.br\/index.php?rest_route=\/wp\/v2\/pages\/848\/revisions"}],"predecessor-version":[{"id":864,"href":"https:\/\/pdbit.com.br\/index.php?rest_route=\/wp\/v2\/pages\/848\/revisions\/864"}],"wp:attachment":[{"href":"https:\/\/pdbit.com.br\/index.php?rest_route=%2Fwp%2Fv2%2Fmedia&parent=848"}],"curies":[{"name":"wp","href":"https:\/\/api.w.org\/{rel}","templated":true}]}}